{"id":10,"date":"2024-09-17T01:01:16","date_gmt":"2024-09-17T01:01:16","guid":{"rendered":"http:\/\/kpskincare.net\/?page_id=10"},"modified":"2024-10-07T23:00:06","modified_gmt":"2024-10-07T23:00:06","slug":"refund_returns","status":"publish","type":"page","link":"https:\/\/kpskincare.net\/en\/refund_returns\/","title":{"rendered":"Returns policy"},"content":{"rendered":"<div data-elementor-type=\"wp-page\" data-elementor-id=\"10\" class=\"elementor elementor-10\" data-elementor-post-type=\"page\">\n\t\t\t\t<div class=\"elementor-element elementor-element-255c161c e-flex e-con-boxed e-con e-parent\" data-id=\"255c161c\" data-element_type=\"container\" data-e-type=\"container\">\n\t\t\t\t\t<div class=\"e-con-inner\">\n\t\t\t\t<div class=\"elementor-element elementor-element-5c154aa1 exad-sticky-section-no exad-glass-effect-no elementor-widget elementor-widget-text-editor\" data-id=\"5c154aa1\" data-element_type=\"widget\" data-e-type=\"widget\" data-widget_type=\"text-editor.default\">\n\t\t\t\t<div class=\"elementor-widget-container\">\n\t\t\t\t\t\t\t\t\t\n<h2 class=\"wp-block-heading\">POLITICA DE DEVOLUCIONES<\/h2>\n\n<p><span>Nuestra pol\u00edtica de reembolsos y devoluciones tiene una duraci\u00f3n de 30 d\u00edas. Si han pasado 30 d\u00edas desde tu compra, no podemos ofrecerte un reembolso total ni un cambio.<\/span><\/p>\n<p><span>Para poder realizar una devoluci\u00f3n, el art\u00edculo debe estar sin usar y en las mismas condiciones en las que lo recibiste. Tambi\u00e9n debe estar en el embalaje original.<\/span><\/p>\n<p><span>Hay varios tipos de productos que est\u00e1n exentos de devoluci\u00f3n. No se pueden devolver productos perecederos como alimentos, flores, peri\u00f3dicos o revistas. Tampoco aceptamos productos que sean art\u00edculos \u00edntimos o sanitarios, materiales peligrosos o l\u00edquidos o gases inflamables.<\/span><\/p>\n<p><span>Art\u00edculos adicionales no retornables:<\/span><\/p>\n<ul>\n<li><span>Tarjetas de regalo<\/span><\/li>\n<li><span>Productos de software descargables<\/span><\/li>\n<li><span>Algunos art\u00edculos de salud y cuidado personal<\/span><\/li>\n<\/ul>\n<p><span>Para completar su devoluci\u00f3n, necesitamos un recibo o comprobante de compra.<\/span><\/p>\n<p><span>Por favor, no env\u00ede su compra de vuelta al fabricante.<\/span><\/p>\n<p><span>Existen determinadas situaciones en las que s\u00f3lo se conceden reembolsos parciales:<\/span><\/p>\n<ul>\n<li><span>Libro con evidentes signos de uso<\/span><\/li>\n<li><span>CD, DVD, cinta VHS, software, videojuego, cinta de casete o disco de vinilo que haya sido abierto.<\/span><\/li>\n<li><span>Cualquier art\u00edculo que no se encuentre en su estado original, que est\u00e9 da\u00f1ado o le falten piezas por razones que no se deben a nuestro error.<\/span><\/li>\n<li><span>Cualquier art\u00edculo que se devuelva m\u00e1s de 30 d\u00edas despu\u00e9s de la entrega.<\/span><\/li>\n<\/ul>\n<h2><span>Reembolsos<\/span><\/h2>\n<p><span>Una vez que recibamos e inspeccionemos su devoluci\u00f3n, le enviaremos un correo electr\u00f3nico para notificarle que hemos recibido su art\u00edculo devuelto. Tambi\u00e9n le notificaremos la aprobaci\u00f3n o el rechazo de su reembolso.<\/span><\/p>\n<p><span>Si es aprobado, se procesar\u00e1 su reembolso y se aplicar\u00e1 autom\u00e1ticamente un cr\u00e9dito a su tarjeta de cr\u00e9dito o m\u00e9todo de pago original, dentro de una cierta cantidad de d\u00edas.<\/span><\/p>\n<h3 class=\"wp-block-heading\"><span>Reembolsos tard\u00edos o faltantes<\/span><\/h3>\n<p><span>Si a\u00fan no ha recibido un reembolso, primero revise nuevamente su cuenta bancaria.<\/span><\/p>\n<p><span>Luego, comun\u00edquese con la compa\u00f1\u00eda de su tarjeta de cr\u00e9dito; puede tomar alg\u00fan tiempo antes de que su reembolso se publique oficialmente.<\/span><\/p>\n<p><span>A continuaci\u00f3n, p\u00f3ngase en contacto con su banco. Suele transcurrir un tiempo antes de que se publique el reembolso.<\/span><\/p>\n<p><span>Si ha hecho todo esto y a\u00fan no ha recibido su reembolso, cont\u00e1ctenos a inforkpskincare@kpskincare.net.<\/span><\/p>\n<h3 class=\"wp-block-heading\"><span>Art\u00edculos en oferta<\/span><\/h3>\n<p><span>Solo se pueden reembolsar los art\u00edculos a precio regular. No se pueden reembolsar los art\u00edculos en oferta.<\/span><\/p>\n<h2><span>Intercambios<\/span><\/h2>\n<p><span>Solo reemplazamos art\u00edculos que est\u00e9n defectuosos o da\u00f1ados. Si necesitas cambiarlo por el mismo art\u00edculo, env\u00edanos un correo electr\u00f3nico a inforkpskincare@kpskincare.net y env\u00eda el art\u00edculo a: 7085 Michigan Rd, Indian\u00e1polis IN 46268, Estados Unidos.<\/span><\/p>\n<h2><span>Regalos<\/span><\/h2>\n<p><span>Si el art\u00edculo estaba marcado como regalo cuando lo compr\u00f3 y se lo enviaron directamente, recibir\u00e1 un cr\u00e9dito de regalo por el valor de su devoluci\u00f3n. Una vez que recibamos el art\u00edculo devuelto, se le enviar\u00e1 por correo un certificado de regalo.<\/span><\/p>\n<p><span>Si el art\u00edculo no estaba marcado como regalo cuando se compr\u00f3, o si el donante hizo que le enviaran el pedido a s\u00ed mismo para entreg\u00e1rtelo m\u00e1s tarde, le enviaremos un reembolso al donante y \u00e9l se enterar\u00e1 de tu devoluci\u00f3n.<\/span><\/p>\n<h2><span>Env\u00edos devoluciones<\/span><\/h2>\n<p><span>Para devolver su producto, debe enviarlo por correo a: 7085 Michigan Rd, Indian\u00e1polis IN 46268, Estados Unidos<\/span><\/p>\n<p><span>Usted ser\u00e1 responsable de pagar sus propios costos de env\u00edo para devolver su art\u00edculo. Los costos de env\u00edo no son reembolsables. Si recibe un reembolso, el costo del env\u00edo de devoluci\u00f3n se deducir\u00e1 de su reembolso.<\/span><\/p>\n<p><span>Dependiendo de d\u00f3nde vivas, el tiempo que pueda tardar en llegarte el producto intercambiado puede variar.<\/span><\/p>\n<p><span>Si va a devolver art\u00edculos m\u00e1s caros, puede considerar utilizar un servicio de env\u00edo rastreable o comprar un seguro de env\u00edo. No garantizamos que recibiremos su art\u00edculo devuelto.<\/span><\/p>\n<h2><span>\u00bfNecesitar ayuda?<\/span><\/h2>\n<p><span>Cont\u00e1ctenos a inforkpskincare@kpskincare.net\u00a0 para preguntas relacionadas con reembolsos y devoluciones.<\/span><\/p>\n\t\t\t\t\t\t\t\t<\/div>\n\t\t\t\t<\/div>\n\t\t\t\t\t<\/div>\n\t\t\t\t<\/div>\n\t\t\t\t<\/div>","protected":false},"excerpt":{"rendered":"<p>POLITICA DE DEVOLUCIONES Nuestra pol\u00edtica de reembolsos y devoluciones tiene una duraci\u00f3n de 30 d\u00edas. Si han pasado 30 d\u00edas desde tu compra, no podemos ofrecerte un reembolso total ni un cambio. Para poder realizar una devoluci\u00f3n, el art\u00edculo debe estar sin usar y en las mismas condiciones en las que lo recibiste. Tambi\u00e9n debe&#8230;<\/p>","protected":false},"author":1,"featured_media":0,"parent":0,"menu_order":0,"comment_status":"closed","ping_status":"closed","template":"","meta":{"footnotes":""},"class_list":["post-10","page","type-page","status-publish","hentry"],"jetpack_sharing_enabled":true,"_links":{"self":[{"href":"https:\/\/kpskincare.net\/en\/wp-json\/wp\/v2\/pages\/10","targetHints":{"allow":["GET"]}}],"collection":[{"href":"https:\/\/kpskincare.net\/en\/wp-json\/wp\/v2\/pages"}],"about":[{"href":"https:\/\/kpskincare.net\/en\/wp-json\/wp\/v2\/types\/page"}],"author":[{"embeddable":true,"href":"https:\/\/kpskincare.net\/en\/wp-json\/wp\/v2\/users\/1"}],"replies":[{"embeddable":true,"href":"https:\/\/kpskincare.net\/en\/wp-json\/wp\/v2\/comments?post=10"}],"version-history":[{"count":8,"href":"https:\/\/kpskincare.net\/en\/wp-json\/wp\/v2\/pages\/10\/revisions"}],"predecessor-version":[{"id":7206,"href":"https:\/\/kpskincare.net\/en\/wp-json\/wp\/v2\/pages\/10\/revisions\/7206"}],"wp:attachment":[{"href":"https:\/\/kpskincare.net\/en\/wp-json\/wp\/v2\/media?parent=10"}],"curies":[{"name":"wp","href":"https:\/\/api.w.org\/{rel}","templated":true}]}}