{"id":11202,"date":"2024-10-24T02:16:28","date_gmt":"2024-10-24T06:16:28","guid":{"rendered":"https:\/\/kpskincare.net\/exclusive-product-clear-skin-membership\/"},"modified":"2025-04-16T17:15:09","modified_gmt":"2025-04-16T21:15:09","slug":"exclusive-product-clear-skin-membership","status":"publish","type":"page","link":"https:\/\/kpskincare.net\/en\/exclusive-product-clear-skin-membership\/","title":{"rendered":"Exclusive Product Clear Skin Membership"},"content":{"rendered":"<div data-elementor-type=\"wp-page\" data-elementor-id=\"11202\" class=\"elementor elementor-11202\" data-elementor-post-type=\"page\">\n\t\t\t\t<div class=\"elementor-element elementor-element-5ff49f4 e-flex e-con-boxed e-con e-parent\" data-id=\"5ff49f4\" data-element_type=\"container\" data-e-type=\"container\">\n\t\t\t\t\t<div class=\"e-con-inner\">\n\t\t\t\t<div class=\"elementor-element elementor-element-6213c39 exad-sticky-section-no exad-glass-effect-no elementor-widget elementor-widget-heading\" data-id=\"6213c39\" data-element_type=\"widget\" data-e-type=\"widget\" data-widget_type=\"heading.default\">\n\t\t\t\t<div class=\"elementor-widget-container\">\n\t\t\t\t\t<h2 class=\"elementor-heading-title elementor-size-default\">Clear Skin Membership (Acne-Prone Skin)<\/h2>\t\t\t\t<\/div>\n\t\t\t\t<\/div>\n\t\t\t\t\t<\/div>\n\t\t\t\t<\/div>\n\t\t<div class=\"elementor-element elementor-element-6851ae0 e-flex e-con-boxed e-con e-parent\" data-id=\"6851ae0\" data-element_type=\"container\" data-e-type=\"container\">\n\t\t\t\t\t<div class=\"e-con-inner\">\n\t\t\t\t<div class=\"elementor-element elementor-element-6cab9b7 exad-sticky-section-no exad-glass-effect-no elementor-widget elementor-widget-wellnezserviceslider\" data-id=\"6cab9b7\" data-element_type=\"widget\" data-e-type=\"widget\" data-widget_type=\"wellnezserviceslider.default\">\n\t\t\t\t<div class=\"elementor-widget-container\">\n\t\t\t\t\t<div class=\"service-wrapper\"><div class=\"container-fluid\"><div class=\"row service-carousel wow fadeInUp\" data-slick-arrows=\"false\" data-slick-autoplay=\"false\" data-slide-to-show=\"3\" data-slick-dots=\"false\"><div class=\"col-lg-4 col-xl-4\"><div class=\"feature-style2\"><div class=\"vs-icon style2\"><img data-recalc-dims=\"1\" decoding=\"async\" src=\"https:\/\/i0.wp.com\/kpskincare.net\/wp-content\/uploads\/2024\/10\/cat-1-6.png?w=751&#038;ssl=1\" alt=\"cat 1 6\"  \/><\/div><div class=\"arrow-shape\"><i class=\"arrow\"><\/i><i class=\"arrow\"><\/i><i class=\"arrow\"><\/i><i class=\"arrow\"><\/i><\/div><h3 class=\"service-title h4\">Control de Acn\u00e9 \u2013 Limpieza Profunda<\/h3><p class=\"feature-text\">Los tratamientos est\u00e9ticos para mejorar el acn\u00e9 se basan en la combinaci\u00f3n de t\u00e9cnicas que abordan las principales causas de esta afecci\u00f3n: exceso de grasa, obstrucci\u00f3n de poros, acumulaci\u00f3n de bacterias, y la inflamaci\u00f3n. Estos tratamientos est\u00e1n dise\u00f1ados para limpiar.<\/p><a href=\"https:\/\/kpskincare.net\/en\/product\/control-de-acne-limpieza-profunda\/\" class=\"link-btn style2\">Adquirir<\/a><\/div><\/div><div class=\"col-lg-4 col-xl-4\"><div class=\"feature-style2\"><div class=\"vs-icon style2\"><img data-recalc-dims=\"1\" decoding=\"async\" src=\"https:\/\/i0.wp.com\/kpskincare.net\/wp-content\/uploads\/2024\/10\/sr-7-7-1-1.png?w=751&#038;ssl=1\" alt=\"sr 7 7 1 1\"  \/><\/div><div class=\"arrow-shape\"><i class=\"arrow\"><\/i><i class=\"arrow\"><\/i><i class=\"arrow\"><\/i><i class=\"arrow\"><\/i><\/div><h3 class=\"service-title h4\">Control de Acn\u00e9 \u2013 Peelings Qu\u00edmicos suaves<\/h3><p class=\"feature-text\">Los tratamientos est\u00e9ticos para mejorar el acn\u00e9 se basan en la combinaci\u00f3n de t\u00e9cnicas que abordan las principales causas de esta afecci\u00f3n: exceso de grasa, obstrucci\u00f3n de poros, acumulaci\u00f3n de bacterias, y la inflamaci\u00f3n. Estos tratamientos est\u00e1n dise\u00f1ados para limpiar.<\/p><a href=\"https:\/\/kpskincare.net\/en\/product\/control-de-acne-peelings-quimicos-suaves\/\" class=\"link-btn style2\">Adquirir<\/a><\/div><\/div><div class=\"col-lg-4 col-xl-4\"><div class=\"feature-style2\"><div class=\"vs-icon style2\"><img data-recalc-dims=\"1\" decoding=\"async\" src=\"https:\/\/i0.wp.com\/kpskincare.net\/wp-content\/uploads\/2024\/10\/sr-7-8-1.png?w=751&#038;ssl=1\" alt=\"sr 7 8 1\"  \/><\/div><div class=\"arrow-shape\"><i class=\"arrow\"><\/i><i class=\"arrow\"><\/i><i class=\"arrow\"><\/i><i class=\"arrow\"><\/i><\/div><h3 class=\"service-title h4\">Control de Acn\u00e9 \u2013 Tratamiento con Luz LED<\/h3><p class=\"feature-text\">Los tratamientos est\u00e9ticos para mejorar el acn\u00e9 se basan en la combinaci\u00f3n de t\u00e9cnicas que abordan las principales causas de esta afecci\u00f3n: exceso de grasa, obstrucci\u00f3n de poros, acumulaci\u00f3n de bacterias, y la inflamaci\u00f3n. Estos tratamientos est\u00e1n dise\u00f1ados para limpiar.<\/p><a href=\"https:\/\/kpskincare.net\/en\/product\/control-de-acne-tratamiento-con-luz-led\/\" class=\"link-btn style2\">Adquirir<\/a><\/div><\/div><\/div><\/div><\/div>\t\t\t\t<\/div>\n\t\t\t\t<\/div>\n\t\t\t\t\t<\/div>\n\t\t\t\t<\/div>\n\t\t<div class=\"elementor-element elementor-element-206c2d5 e-con-full e-flex e-con e-parent\" data-id=\"206c2d5\" data-element_type=\"container\" data-e-type=\"container\">\n\t\t\t\t<div class=\"elementor-element elementor-element-f50e77a exad-sticky-section-no exad-glass-effect-no elementor-widget elementor-widget-mixlaxsectiontitle\" data-id=\"f50e77a\" data-element_type=\"widget\" data-e-type=\"widget\" data-widget_type=\"mixlaxsectiontitle.default\">\n\t\t\t\t<div class=\"elementor-widget-container\">\n\t\t\t\t\t<!-- Section Title --><div class=\"text-center section-title\" ><h2 class=\"sec-title4 title-selector\">Con Este Plan Obtuviste Servicio Totalmente Gratis<\/h2><p class=\"description sec-description\">Puedes Elegir Un Servicio Mensual<\/p><\/div><!-- End Section Title -->\t\t\t\t<\/div>\n\t\t\t\t<\/div>\n\t\t\t\t<\/div>\n\t\t<div class=\"elementor-element elementor-element-9514965 e-con-full e-flex e-con e-parent\" data-id=\"9514965\" data-element_type=\"container\" data-e-type=\"container\">\n\t\t<div class=\"elementor-element elementor-element-81e3ceb e-con-full e-flex e-con e-child\" data-id=\"81e3ceb\" data-element_type=\"container\" data-e-type=\"container\">\n\t\t\t\t<div class=\"elementor-element elementor-element-720a0ec exad-sticky-section-no exad-glass-effect-no elementor-widget elementor-widget-wellnezimagecard\" data-id=\"720a0ec\" data-element_type=\"widget\" data-e-type=\"widget\" data-widget_type=\"wellnezimagecard.default\">\n\t\t\t\t<div class=\"elementor-widget-container\">\n\t\t\t\t\t\t\t\t\t\t\t<div class=\"img-box3 style2\">\r\n\t\t\t\t\t<div class=\"shape-line\">\r\n\t\t\t\t\t\t<svg viewbox=\"0 0 442 357\">\r\n\t\t\t\t\t\t\t<path class=\"shape-line\" d=\"M220.6 3C339.98 3 437.1 100.12 437.1 219.5V351.99H440.1V219.5C440.1 160.87 417.27 105.75 375.81 64.29C334.35 22.83 279.23 0 220.6 0C161.97 0 106.85 22.83 65.39 64.29C28.67 101.01 6.57 148.46 2 199.56H5.02C15.12 89.5 107.94 3 220.6 3Z\"><\/path>\r\n\t\t\t\t\t\t\t<path class=\"shape-dot\" d=\"M7 198.5C7 200.433 5.433 202 3.5 202C1.567 202 0 200.433 0 198.5C0 196.567 1.567 195 3.5 195C5.433 195 7 196.567 7 198.5Z\"><\/path>\r\n\t\t\t\t\t\t\t<path class=\"shape-dot\" d=\"M442 353.5C442 355.433 440.433 357 438.5 357C436.567 357 435 355.433 435 353.5C435 351.567 436.567 350 438.5 350C440.433 350 442 351.567 442 353.5Z\"><\/path>\r\n\t\t\t\t\t\t<\/svg>\r\n\t\t\t\t\t<\/div>\r\n\r\n\t\t\t\t\t\r\n\t\t\t\t\t\t\t\t\t\t\t<div class=\"img-product\">\r\n\t\t\t\t\t\t\t<a href=\"https:\/\/kpskincare.net\/en\/product\/control-de-acne-limpieza-profunda\/\">\r\n\t\t\t\t\t\t\t\t<img data-recalc-dims=\"1\" decoding=\"async\" src=\"https:\/\/i0.wp.com\/kpskincare.net\/wp-content\/uploads\/2021\/03\/2046c43f-a223-471a-9b99-3af970528ed4-e1727552699644.jpeg?w=751&#038;ssl=1\" alt=\"about\"  \/>\t\t\t\t\t\t\t<\/a>\r\n\t\t\t\t\t\t\t\t\t\t\t\t\t\t\t<p class=\"product-title\">\r\n\t\t\t\t\t\t\t\t\t<a href=\"https:\/\/kpskincare.net\/en\/product\/control-de-acne-limpieza-profunda\/\" class=\"text-inherit\">\r\n\t\t\t\t\t\t\t\t\t\tControl de Acn\u00e9 \u2013 Limpieza Profunda\t\t\t\t\t\t\t\t\t<\/a>\r\n\t\t\t\t\t\t\t\t<\/p>\r\n\t\t\t\t\t\t\t\r\n\t\t\t\t\t\t\t\t\t\t\t\t\t\t\t<p class=\"product-price\">\r\n\t\t\t\t\t\t\t\t\tTotalmente Gratis\t\t\t\t\t\t\t\t<\/p>\r\n\t\t\t\t\t\t\t\t\t\t\t\t\t<\/div>\r\n\t\t\t\t\t\t\t\t\t<\/div>\r\n\t\t\t\t\t\t\t\t\t<\/div>\n\t\t\t\t<\/div>\n\t\t\t\t<\/div>\n\t\t<div class=\"elementor-element elementor-element-d9ab365 e-con-full e-flex e-con e-child\" data-id=\"d9ab365\" data-element_type=\"container\" data-e-type=\"container\">\n\t\t\t\t<div class=\"elementor-element elementor-element-5c1347e exad-sticky-section-no exad-glass-effect-no elementor-widget elementor-widget-wellnezimagecard\" data-id=\"5c1347e\" data-element_type=\"widget\" data-e-type=\"widget\" data-widget_type=\"wellnezimagecard.default\">\n\t\t\t\t<div class=\"elementor-widget-container\">\n\t\t\t\t\t\t\t\t\t\t\t<div class=\"img-box3 style2\">\r\n\t\t\t\t\t<div class=\"shape-line\">\r\n\t\t\t\t\t\t<svg viewbox=\"0 0 442 357\">\r\n\t\t\t\t\t\t\t<path class=\"shape-line\" d=\"M220.6 3C339.98 3 437.1 100.12 437.1 219.5V351.99H440.1V219.5C440.1 160.87 417.27 105.75 375.81 64.29C334.35 22.83 279.23 0 220.6 0C161.97 0 106.85 22.83 65.39 64.29C28.67 101.01 6.57 148.46 2 199.56H5.02C15.12 89.5 107.94 3 220.6 3Z\"><\/path>\r\n\t\t\t\t\t\t\t<path class=\"shape-dot\" d=\"M7 198.5C7 200.433 5.433 202 3.5 202C1.567 202 0 200.433 0 198.5C0 196.567 1.567 195 3.5 195C5.433 195 7 196.567 7 198.5Z\"><\/path>\r\n\t\t\t\t\t\t\t<path class=\"shape-dot\" d=\"M442 353.5C442 355.433 440.433 357 438.5 357C436.567 357 435 355.433 435 353.5C435 351.567 436.567 350 438.5 350C440.433 350 442 351.567 442 353.5Z\"><\/path>\r\n\t\t\t\t\t\t<\/svg>\r\n\t\t\t\t\t<\/div>\r\n\r\n\t\t\t\t\t\r\n\t\t\t\t\t\t\t\t\t\t\t<div class=\"img-product\">\r\n\t\t\t\t\t\t\t<a href=\"https:\/\/kpskincare.net\/en\/product\/control-de-acne-peelings-quimicos-suaves\/\">\r\n\t\t\t\t\t\t\t\t<img data-recalc-dims=\"1\" decoding=\"async\" src=\"https:\/\/i0.wp.com\/kpskincare.net\/wp-content\/uploads\/2024\/09\/b8518293-abbf-4e05-bef2-f6acb7c7167f-1-e1727546355998.jpeg?w=751&#038;ssl=1\" alt=\"about\"  \/>\t\t\t\t\t\t\t<\/a>\r\n\t\t\t\t\t\t\t\t\t\t\t\t\t\t\t<p class=\"product-title\">\r\n\t\t\t\t\t\t\t\t\t<a href=\"https:\/\/kpskincare.net\/en\/product\/control-de-acne-peelings-quimicos-suaves\/\" class=\"text-inherit\">\r\n\t\t\t\t\t\t\t\t\t\tControl de Acn\u00e9 \u2013 Peelings Qu\u00edmicos suaves\t\t\t\t\t\t\t\t\t<\/a>\r\n\t\t\t\t\t\t\t\t<\/p>\r\n\t\t\t\t\t\t\t\r\n\t\t\t\t\t\t\t\t\t\t\t\t\t\t\t<p class=\"product-price\">\r\n\t\t\t\t\t\t\t\t\tTotalmente Gratis\t\t\t\t\t\t\t\t<\/p>\r\n\t\t\t\t\t\t\t\t\t\t\t\t\t<\/div>\r\n\t\t\t\t\t\t\t\t\t<\/div>\r\n\t\t\t\t\t\t\t\t\t<\/div>\n\t\t\t\t<\/div>\n\t\t\t\t<\/div>\n\t\t<div class=\"elementor-element elementor-element-f27ee2e e-con-full e-flex e-con e-child\" data-id=\"f27ee2e\" data-element_type=\"container\" data-e-type=\"container\">\n\t\t\t\t<div class=\"elementor-element elementor-element-53e0d7f exad-sticky-section-no exad-glass-effect-no elementor-widget elementor-widget-wellnezimagecard\" data-id=\"53e0d7f\" data-element_type=\"widget\" data-e-type=\"widget\" data-widget_type=\"wellnezimagecard.default\">\n\t\t\t\t<div class=\"elementor-widget-container\">\n\t\t\t\t\t\t\t\t\t\t\t<div class=\"img-box3 style2\">\r\n\t\t\t\t\t<div class=\"shape-line\">\r\n\t\t\t\t\t\t<svg viewbox=\"0 0 442 357\">\r\n\t\t\t\t\t\t\t<path class=\"shape-line\" d=\"M220.6 3C339.98 3 437.1 100.12 437.1 219.5V351.99H440.1V219.5C440.1 160.87 417.27 105.75 375.81 64.29C334.35 22.83 279.23 0 220.6 0C161.97 0 106.85 22.83 65.39 64.29C28.67 101.01 6.57 148.46 2 199.56H5.02C15.12 89.5 107.94 3 220.6 3Z\"><\/path>\r\n\t\t\t\t\t\t\t<path class=\"shape-dot\" d=\"M7 198.5C7 200.433 5.433 202 3.5 202C1.567 202 0 200.433 0 198.5C0 196.567 1.567 195 3.5 195C5.433 195 7 196.567 7 198.5Z\"><\/path>\r\n\t\t\t\t\t\t\t<path class=\"shape-dot\" d=\"M442 353.5C442 355.433 440.433 357 438.5 357C436.567 357 435 355.433 435 353.5C435 351.567 436.567 350 438.5 350C440.433 350 442 351.567 442 353.5Z\"><\/path>\r\n\t\t\t\t\t\t<\/svg>\r\n\t\t\t\t\t<\/div>\r\n\r\n\t\t\t\t\t\r\n\t\t\t\t\t\t\t\t\t\t\t<div class=\"img-product\">\r\n\t\t\t\t\t\t\t<a href=\"https:\/\/kpskincare.net\/en\/product\/control-de-acne-tratamiento-con-luz-led\/\">\r\n\t\t\t\t\t\t\t\t<img data-recalc-dims=\"1\" decoding=\"async\" src=\"https:\/\/i0.wp.com\/kpskincare.net\/wp-content\/uploads\/2024\/10\/WhatsApp-Image-2024-10-15-at-7.52.46-PM.jpeg?w=751&#038;ssl=1\" alt=\"about\"  \/>\t\t\t\t\t\t\t<\/a>\r\n\t\t\t\t\t\t\t\t\t\t\t\t\t\t\t<p class=\"product-title\">\r\n\t\t\t\t\t\t\t\t\t<a href=\"https:\/\/kpskincare.net\/en\/product\/control-de-acne-tratamiento-con-luz-led\/\" class=\"text-inherit\">\r\n\t\t\t\t\t\t\t\t\t\tControl de Acn\u00e9 \u2013 Tratamiento con Luz LED\t\t\t\t\t\t\t\t\t<\/a>\r\n\t\t\t\t\t\t\t\t<\/p>\r\n\t\t\t\t\t\t\t\r\n\t\t\t\t\t\t\t\t\t\t\t\t\t\t\t<p class=\"product-price\">\r\n\t\t\t\t\t\t\t\t\tTotalmente Gratis\t\t\t\t\t\t\t\t<\/p>\r\n\t\t\t\t\t\t\t\t\t\t\t\t\t<\/div>\r\n\t\t\t\t\t\t\t\t\t<\/div>\r\n\t\t\t\t\t\t\t\t\t<\/div>\n\t\t\t\t<\/div>\n\t\t\t\t<\/div>\n\t\t\t\t<\/div>\n\t\t<div class=\"elementor-element elementor-element-597fc7d e-con-full e-flex e-con e-parent\" data-id=\"597fc7d\" data-element_type=\"container\" data-e-type=\"container\">\n\t\t\t\t<div class=\"elementor-element elementor-element-9adbe24 exad-sticky-section-no exad-glass-effect-no elementor-widget elementor-widget-mixlaxsectiontitle\" data-id=\"9adbe24\" data-element_type=\"widget\" data-e-type=\"widget\" data-widget_type=\"mixlaxsectiontitle.default\">\n\t\t\t\t<div class=\"elementor-widget-container\">\n\t\t\t\t\t<!-- Section Title --><div class=\"text-center section-title\" ><h2 class=\"sec-title4 title-selector\">Con Este Plan Obtuviste el 15% de Descuento <\/h2><p class=\"description sec-description\">en los siguientes Servicio<\/p><\/div><!-- End Section Title -->\t\t\t\t<\/div>\n\t\t\t\t<\/div>\n\t\t\t\t<\/div>\n\t\t<div class=\"elementor-element elementor-element-0c7bc1e e-con-full e-flex e-con e-parent\" data-id=\"0c7bc1e\" data-element_type=\"container\" data-e-type=\"container\">\n\t\t<div class=\"elementor-element elementor-element-c9b50d4 e-con-full e-flex e-con e-child\" data-id=\"c9b50d4\" data-element_type=\"container\" data-e-type=\"container\">\n\t\t\t\t<div class=\"elementor-element elementor-element-71aa776 exad-sticky-section-no exad-glass-effect-no elementor-widget elementor-widget-wellnezimagecard\" data-id=\"71aa776\" data-element_type=\"widget\" data-e-type=\"widget\" data-widget_type=\"wellnezimagecard.default\">\n\t\t\t\t<div class=\"elementor-widget-container\">\n\t\t\t\t\t\t\t\t\t\t\t<div class=\"img-box3 style2\">\r\n\t\t\t\t\t<div class=\"shape-line\">\r\n\t\t\t\t\t\t<svg viewbox=\"0 0 442 357\">\r\n\t\t\t\t\t\t\t<path class=\"shape-line\" d=\"M220.6 3C339.98 3 437.1 100.12 437.1 219.5V351.99H440.1V219.5C440.1 160.87 417.27 105.75 375.81 64.29C334.35 22.83 279.23 0 220.6 0C161.97 0 106.85 22.83 65.39 64.29C28.67 101.01 6.57 148.46 2 199.56H5.02C15.12 89.5 107.94 3 220.6 3Z\"><\/path>\r\n\t\t\t\t\t\t\t<path class=\"shape-dot\" d=\"M7 198.5C7 200.433 5.433 202 3.5 202C1.567 202 0 200.433 0 198.5C0 196.567 1.567 195 3.5 195C5.433 195 7 196.567 7 198.5Z\"><\/path>\r\n\t\t\t\t\t\t\t<path class=\"shape-dot\" d=\"M442 353.5C442 355.433 440.433 357 438.5 357C436.567 357 435 355.433 435 353.5C435 351.567 436.567 350 438.5 350C440.433 350 442 351.567 442 353.5Z\"><\/path>\r\n\t\t\t\t\t\t<\/svg>\r\n\t\t\t\t\t<\/div>\r\n\r\n\t\t\t\t\t\r\n\t\t\t\t\t\t\t\t\t\t\t<div class=\"img-product\">\r\n\t\t\t\t\t\t\t<a href=\"https:\/\/kpskincare.net\/en\/product\/peeling-quimico\/\">\r\n\t\t\t\t\t\t\t\t<img data-recalc-dims=\"1\" decoding=\"async\" src=\"https:\/\/i0.wp.com\/kpskincare.net\/wp-content\/uploads\/2021\/03\/IMG_2092-e1730497776875.jpeg?w=751&#038;ssl=1\" alt=\"about\"  \/>\t\t\t\t\t\t\t<\/a>\r\n\t\t\t\t\t\t\t\t\t\t\t\t\t\t\t<p class=\"product-title\">\r\n\t\t\t\t\t\t\t\t\t<a href=\"https:\/\/kpskincare.net\/en\/product\/peeling-quimico\/\" class=\"text-inherit\">\r\n\t\t\t\t\t\t\t\t\t\tlimpiador acno\t\t\t\t\t\t\t\t\t<\/a>\r\n\t\t\t\t\t\t\t\t<\/p>\r\n\t\t\t\t\t\t\t\r\n\t\t\t\t\t\t\t\t\t\t\t\t\t\t\t<p class=\"product-price\">\r\n\t\t\t\t\t\t\t\t\t$ 64\n- $ 54,4\t\t\t\t\t\t\t\t<\/p>\r\n\t\t\t\t\t\t\t\t\t\t\t\t\t<\/div>\r\n\t\t\t\t\t\t\t\t\t<\/div>\r\n\t\t\t\t\t\t\t\t\t<\/div>\n\t\t\t\t<\/div>\n\t\t\t\t<\/div>\n\t\t<div class=\"elementor-element elementor-element-a152563 e-con-full e-flex e-con e-child\" data-id=\"a152563\" data-element_type=\"container\" data-e-type=\"container\">\n\t\t\t\t<div class=\"elementor-element elementor-element-7f47e95 exad-sticky-section-no exad-glass-effect-no elementor-widget elementor-widget-wellnezimagecard\" data-id=\"7f47e95\" data-element_type=\"widget\" data-e-type=\"widget\" data-widget_type=\"wellnezimagecard.default\">\n\t\t\t\t<div class=\"elementor-widget-container\">\n\t\t\t\t\t\t\t\t\t\t\t<div class=\"img-box3 style2\">\r\n\t\t\t\t\t<div class=\"shape-line\">\r\n\t\t\t\t\t\t<svg viewbox=\"0 0 442 357\">\r\n\t\t\t\t\t\t\t<path class=\"shape-line\" d=\"M220.6 3C339.98 3 437.1 100.12 437.1 219.5V351.99H440.1V219.5C440.1 160.87 417.27 105.75 375.81 64.29C334.35 22.83 279.23 0 220.6 0C161.97 0 106.85 22.83 65.39 64.29C28.67 101.01 6.57 148.46 2 199.56H5.02C15.12 89.5 107.94 3 220.6 3Z\"><\/path>\r\n\t\t\t\t\t\t\t<path class=\"shape-dot\" d=\"M7 198.5C7 200.433 5.433 202 3.5 202C1.567 202 0 200.433 0 198.5C0 196.567 1.567 195 3.5 195C5.433 195 7 196.567 7 198.5Z\"><\/path>\r\n\t\t\t\t\t\t\t<path class=\"shape-dot\" d=\"M442 353.5C442 355.433 440.433 357 438.5 357C436.567 357 435 355.433 435 353.5C435 351.567 436.567 350 438.5 350C440.433 350 442 351.567 442 353.5Z\"><\/path>\r\n\t\t\t\t\t\t<\/svg>\r\n\t\t\t\t\t<\/div>\r\n\r\n\t\t\t\t\t\r\n\t\t\t\t\t\t\t\t\t\t\t<div class=\"img-product\">\r\n\t\t\t\t\t\t\t<a href=\"https:\/\/kpskincare.net\/en\/product\/oxigeno-facial\/\">\r\n\t\t\t\t\t\t\t\t<img data-recalc-dims=\"1\" decoding=\"async\" src=\"https:\/\/i0.wp.com\/kpskincare.net\/wp-content\/uploads\/2024\/11\/US-100-jctechnology-ultrasonido-3mhz-facial-corporal-tratamiento-adiposidad-spa-belleza-cosmetologia-estetica.jpg?w=751&#038;ssl=1\" alt=\"about\"  \/>\t\t\t\t\t\t\t<\/a>\r\n\t\t\t\t\t\t\t\t\t\t\t\t\t\t\t<p class=\"product-title\">\r\n\t\t\t\t\t\t\t\t\t<a href=\"https:\/\/kpskincare.net\/en\/product\/oxigeno-facial\/\" class=\"text-inherit\">\r\n\t\t\t\t\t\t\t\t\t\tserum acno\t\t\t\t\t\t\t\t\t<\/a>\r\n\t\t\t\t\t\t\t\t<\/p>\r\n\t\t\t\t\t\t\t\r\n\t\t\t\t\t\t\t\t\t\t\t\t\t\t\t<p class=\"product-price\">\r\n\t\t\t\t\t\t\t\t\t$ 64\n- $ 54,4\t\t\t\t\t\t\t\t<\/p>\r\n\t\t\t\t\t\t\t\t\t\t\t\t\t<\/div>\r\n\t\t\t\t\t\t\t\t\t<\/div>\r\n\t\t\t\t\t\t\t\t\t<\/div>\n\t\t\t\t<\/div>\n\t\t\t\t<\/div>\n\t\t<div class=\"elementor-element elementor-element-46d6233 e-con-full e-flex e-con e-child\" data-id=\"46d6233\" data-element_type=\"container\" data-e-type=\"container\">\n\t\t\t\t<div class=\"elementor-element elementor-element-2997ec2 exad-sticky-section-no exad-glass-effect-no elementor-widget elementor-widget-wellnezimagecard\" data-id=\"2997ec2\" data-element_type=\"widget\" data-e-type=\"widget\" data-widget_type=\"wellnezimagecard.default\">\n\t\t\t\t<div class=\"elementor-widget-container\">\n\t\t\t\t\t\t\t\t\t\t\t<div class=\"img-box3 style2\">\r\n\t\t\t\t\t<div class=\"shape-line\">\r\n\t\t\t\t\t\t<svg viewbox=\"0 0 442 357\">\r\n\t\t\t\t\t\t\t<path class=\"shape-line\" d=\"M220.6 3C339.98 3 437.1 100.12 437.1 219.5V351.99H440.1V219.5C440.1 160.87 417.27 105.75 375.81 64.29C334.35 22.83 279.23 0 220.6 0C161.97 0 106.85 22.83 65.39 64.29C28.67 101.01 6.57 148.46 2 199.56H5.02C15.12 89.5 107.94 3 220.6 3Z\"><\/path>\r\n\t\t\t\t\t\t\t<path class=\"shape-dot\" d=\"M7 198.5C7 200.433 5.433 202 3.5 202C1.567 202 0 200.433 0 198.5C0 196.567 1.567 195 3.5 195C5.433 195 7 196.567 7 198.5Z\"><\/path>\r\n\t\t\t\t\t\t\t<path class=\"shape-dot\" d=\"M442 353.5C442 355.433 440.433 357 438.5 357C436.567 357 435 355.433 435 353.5C435 351.567 436.567 350 438.5 350C440.433 350 442 351.567 442 353.5Z\"><\/path>\r\n\t\t\t\t\t\t<\/svg>\r\n\t\t\t\t\t<\/div>\r\n\r\n\t\t\t\t\t\r\n\t\t\t\t\t\t\t\t\t\t\t<div class=\"img-product\">\r\n\t\t\t\t\t\t\t<a href=\"https:\/\/kpskincare.net\/en\/product\/hydrofacial\/\">\r\n\t\t\t\t\t\t\t\t<img data-recalc-dims=\"1\" decoding=\"async\" src=\"https:\/\/i0.wp.com\/kpskincare.net\/wp-content\/uploads\/2024\/11\/images-6.jpg?w=751&#038;ssl=1\" alt=\"about\"  \/>\t\t\t\t\t\t\t<\/a>\r\n\t\t\t\t\t\t\t\t\t\t\t\t\t\t\t<p class=\"product-title\">\r\n\t\t\t\t\t\t\t\t\t<a href=\"https:\/\/kpskincare.net\/en\/product\/hydrofacial\/\" class=\"text-inherit\">\r\n\t\t\t\t\t\t\t\t\t\tL\u00ednea KP SKINCARE\t\t\t\t\t\t\t\t\t<\/a>\r\n\t\t\t\t\t\t\t\t<\/p>\r\n\t\t\t\t\t\t\t\r\n\t\t\t\t\t\t\t\t\t\t\t\t\t\t\t<p class=\"product-price\">\r\n\t\t\t\t\t\t\t\t\t$ 170\n- $ 144,5\t\t\t\t\t\t\t\t<\/p>\r\n\t\t\t\t\t\t\t\t\t\t\t\t\t<\/div>\r\n\t\t\t\t\t\t\t\t\t<\/div>\r\n\t\t\t\t\t\t\t\t\t<\/div>\n\t\t\t\t<\/div>\n\t\t\t\t<\/div>\n\t\t\t\t<\/div>\n\t\t\t\t<\/div>","protected":false},"excerpt":{"rendered":"<p>Clear Skin Membership (Acne-Prone Skin) Control de Acn\u00e9 \u2013 Limpieza Profunda Los tratamientos est\u00e9ticos para mejorar el acn\u00e9 se basan en la combinaci\u00f3n de t\u00e9cnicas que abordan las principales causas de esta afecci\u00f3n: exceso de grasa, obstrucci\u00f3n de poros, acumulaci\u00f3n de bacterias, y la inflamaci\u00f3n. Estos tratamientos est\u00e1n dise\u00f1ados para limpiar. Adquirir Control de Acn\u00e9&#8230;<\/p>","protected":false},"author":1,"featured_media":0,"parent":0,"menu_order":0,"comment_status":"closed","ping_status":"closed","template":"","meta":{"footnotes":""},"class_list":["post-11202","page","type-page","status-publish","hentry"],"jetpack_sharing_enabled":true,"_links":{"self":[{"href":"https:\/\/kpskincare.net\/en\/wp-json\/wp\/v2\/pages\/11202","targetHints":{"allow":["GET"]}}],"collection":[{"href":"https:\/\/kpskincare.net\/en\/wp-json\/wp\/v2\/pages"}],"about":[{"href":"https:\/\/kpskincare.net\/en\/wp-json\/wp\/v2\/types\/page"}],"author":[{"embeddable":true,"href":"https:\/\/kpskincare.net\/en\/wp-json\/wp\/v2\/users\/1"}],"replies":[{"embeddable":true,"href":"https:\/\/kpskincare.net\/en\/wp-json\/wp\/v2\/comments?post=11202"}],"version-history":[{"count":1,"href":"https:\/\/kpskincare.net\/en\/wp-json\/wp\/v2\/pages\/11202\/revisions"}],"predecessor-version":[{"id":11205,"href":"https:\/\/kpskincare.net\/en\/wp-json\/wp\/v2\/pages\/11202\/revisions\/11205"}],"wp:attachment":[{"href":"https:\/\/kpskincare.net\/en\/wp-json\/wp\/v2\/media?parent=11202"}],"curies":[{"name":"wp","href":"https:\/\/api.w.org\/{rel}","templated":true}]}}