{"id":16655,"date":"2026-04-30T15:40:47","date_gmt":"2026-04-30T19:40:47","guid":{"rendered":"https:\/\/kpskincare.net\/?page_id=16655"},"modified":"2026-04-30T16:34:15","modified_gmt":"2026-04-30T20:34:15","slug":"cumpleanos","status":"publish","type":"page","link":"https:\/\/kpskincare.net\/en\/cumpleanos\/","title":{"rendered":"Birthday"},"content":{"rendered":"\t\t<div data-elementor-type=\"wp-page\" data-elementor-id=\"16655\" class=\"elementor elementor-16655\" data-elementor-post-type=\"page\">\n\t\t\t\t<div class=\"elementor-element elementor-element-eec78ad e-flex e-con-boxed e-con e-parent\" data-id=\"eec78ad\" data-element_type=\"container\" data-e-type=\"container\">\n\t\t\t\t\t<div class=\"e-con-inner\">\n\t\t\t\t<div class=\"elementor-element elementor-element-79f0a78 center elementor-widget elementor-widget-wdt-heading\" data-id=\"79f0a78\" data-element_type=\"widget\" data-e-type=\"widget\" data-settings=\"{&quot;split_heading&quot;:&quot;false&quot;,&quot;wdt_animation_effect&quot;:&quot;none&quot;}\" data-widget_type=\"wdt-heading.default\">\n\t\t\t\t<div class=\"elementor-widget-container\">\n\t\t\t\t\t<div class=\"wdt-heading-holder \" id=\"wdt-heading-79f0a78\"><div class=\"wdt-heading-subtitle-wrapper wdt-heading-subtitle\">SERVICIO<\/div><h2 class=\"wdt-heading-title-wrapper wdt-heading-title\">Cumplea\u00f1os Kpskincare<\/h2><div class=\"wdt-heading-content-wrapper\">Haz Click en la Imagen para Conocer el Servicio de Cumplea\u00f1os que desees<\/div><\/div>\t\t\t\t<\/div>\n\t\t\t\t<\/div>\n\t\t\t\t\t<\/div>\n\t\t\t\t<\/div>\n\t\t<div class=\"elementor-element elementor-element-6a48200 e-flex e-con-boxed e-con e-parent\" data-id=\"6a48200\" data-element_type=\"container\" data-e-type=\"container\">\n\t\t\t\t\t<div class=\"e-con-inner\">\n\t\t\t\t<div class=\"elementor-element elementor-element-fa810e3 elementor-widget elementor-widget-wdt-shop-products\" data-id=\"fa810e3\" data-element_type=\"widget\" data-e-type=\"widget\" data-settings=\"{&quot;carousel_slidesperview&quot;:&quot;3&quot;,&quot;carousel_slidesperview_laptop&quot;:4,&quot;carousel_slidesperview_tablet_extra&quot;:2,&quot;carousel_slidesperview_tablet&quot;:2,&quot;carousel_slidesperview_mobile_extra&quot;:1,&quot;carousel_slidesperview_mobile&quot;:1,&quot;wdt_animation_effect&quot;:&quot;none&quot;}\" data-widget_type=\"wdt-shop-products.default\">\n\t\t\t\t<div class=\"elementor-widget-container\">\n\t\t\t\t\t<div class=\"wdt-products-carousel-container\"><div class=\"wdt-products-container woocommerce  swiper-container wdt-products-carousel-fa810e3 \" data-carouseleffect=\"multirow\" data-carouselslidespercolumn=\"2\" data-carouselloopmode=\"\" data-carouselslidesperview=\"3\" data-carouselmousewheelcontrol=\"\" data-carouselbulletpagination=\"\" data-carouselarrowpagination=\"\" data-carouselscrollbar=\"\" data-carouselspacebetween=\"20\" data-carouselresponsive=\"{&quot;slides_to_show&quot;:&quot;3&quot;,&quot;carousel_spacebetween&quot;:20,&quot;responsive&quot;:[{&quot;breakpoint&quot;:319,&quot;toshow&quot;:1,&quot;toscroll&quot;:1,&quot;space_between&quot;:10},{&quot;breakpoint&quot;:480,&quot;toshow&quot;:1,&quot;toscroll&quot;:1,&quot;space_between&quot;:10},{&quot;breakpoint&quot;:768,&quot;toshow&quot;:2,&quot;toscroll&quot;:1,&quot;space_between&quot;:10},{&quot;breakpoint&quot;:1025,&quot;toshow&quot;:2,&quot;toscroll&quot;:1,&quot;space_between&quot;:10},{&quot;breakpoint&quot;:1281,&quot;toshow&quot;:4,&quot;toscroll&quot;:1,&quot;space_between&quot;:10},{&quot;breakpoint&quot;:1541,&quot;toshow&quot;:3,&quot;toscroll&quot;:1,&quot;space_between&quot;:20}]}\" data-id=\"fa810e3\"><ul class=\"products swiper-wrapper Default product-hover-secimage-fade product-with-space product-padding-content product-default-style false product-label-rounded false product-thumb-alignment-bottom-right product-thumb-iconsgroup-position-vertical vertical-position-bottom-right product-thumb-iconsgroup-style-bgfill-rounded product-thumb-buttonelement-style-simple product-content-alignment-left product-content-iconsgroup-style-simple product-content-buttonelement-style-simple column-2 \"><li class=\"product-grid-view swiper-slide product type-product post-4467 status-publish first instock product_cat-cumpleanos has-post-thumbnail virtual taxable product-type-simple vi-sctv-product\">\n\t<div class=\"wdt-col wdt-col-xs-12 wdt-col-sm-6 wdt-col-md-6 wdt-col-qxlg-6 wdt-col-hxlg-6 wdt-col-lg-6\"><div class=\"product-wrapper\" style=\"background-color:#f1f0f0;\"><div class=\"product-thumb\"><a class=\"image\" href=\"https:\/\/kpskincare.net\/en\/product\/combo-para-cumpleanos-para-2-persona\/\" title=\"Combo para Cumplea\u00f1os para 2 persona\"><div class=\"product-thumb-overlay\" ><\/div><div class=\"primary-image\"><img decoding=\"async\" src=\"https:\/\/kpskincare.net\/wp-content\/uploads\/2026\/04\/WhatsApp-Image-2025-06-10-at-10.02.01-AM-e1749846798129.jpeg\" alt=\"Shop Primary Image\" \/><\/div><\/a><\/div><div class=\"product-details\"><div class=\"product-title\"><h5><a href=\"https:\/\/kpskincare.net\/en\/product\/combo-para-cumpleanos-para-2-persona\/\">Combo para Cumplea\u00f1os para 2 persona<\/a><\/h5><\/div><div class=\"product-price\"><span class=\"price\"><span class=\"vi-sctv-price\"><\/span><\/span><\/div><\/div>\t\t\t\t<div class=\"ywgc-gift-this-product-shop-container\">\n\t\t\t\t\t<a href=\"https:\/\/kpskincare.net\/en\/product\/combo-para-cumpleanos-para-2-persona\/?yith-gift-this-product-form=yes\" style=\"text-align: center\" class=\"button yith_wc_gift_this_product_shop_page_class\" rel=\"nofollow\">Regala este producto<\/a>\n\t\t\t\t<\/div>\n\t\t\t\t<\/div><\/div><\/li>\n<li class=\"product-grid-view swiper-slide product type-product post-4468 status-publish last instock product_cat-cumpleanos has-post-thumbnail virtual taxable product-type-simple vi-sctv-product\">\n\t<div class=\"wdt-col wdt-col-xs-12 wdt-col-sm-6 wdt-col-md-6 wdt-col-qxlg-6 wdt-col-hxlg-6 wdt-col-lg-6\"><div class=\"product-wrapper\" style=\"background-color:#f1f0f0;\"><div class=\"product-thumb\"><a class=\"image\" href=\"https:\/\/kpskincare.net\/en\/product\/combo-para-cumpleanos-para-4-persona\/\" title=\"Combo para Cumplea\u00f1os para 4 persona\"><div class=\"product-thumb-overlay\" ><\/div><div class=\"primary-image\"><img decoding=\"async\" src=\"https:\/\/kpskincare.net\/wp-content\/uploads\/2026\/04\/WhatsApp-Image-2025-06-10-at-10.02.00-AM-e1777581343876.jpeg\" alt=\"Shop Primary Image\" \/><\/div><\/a><\/div><div class=\"product-details\"><div class=\"product-title\"><h5><a href=\"https:\/\/kpskincare.net\/en\/product\/combo-para-cumpleanos-para-4-persona\/\">Combo para Cumplea\u00f1os para 4 persona<\/a><\/h5><\/div><div class=\"product-price\"><span class=\"price\"><span class=\"vi-sctv-price\"><\/span><\/span><\/div><\/div>\t\t\t\t<div class=\"ywgc-gift-this-product-shop-container\">\n\t\t\t\t\t<a href=\"https:\/\/kpskincare.net\/en\/product\/combo-para-cumpleanos-para-4-persona\/?yith-gift-this-product-form=yes\" style=\"text-align: center\" class=\"button yith_wc_gift_this_product_shop_page_class\" rel=\"nofollow\">Regala este producto<\/a>\n\t\t\t\t<\/div>\n\t\t\t\t<\/div><\/div><\/li>\n<li class=\"product-grid-view swiper-slide product type-product post-4294 status-publish first instock product_cat-cumpleanos has-post-thumbnail virtual taxable product-type-simple vi-sctv-product\">\n\t<div class=\"wdt-col wdt-col-xs-12 wdt-col-sm-6 wdt-col-md-6 wdt-col-qxlg-6 wdt-col-hxlg-6 wdt-col-lg-6\"><div class=\"product-wrapper\" style=\"background-color:#f1f0f0;\"><div class=\"product-thumb\"><a class=\"image\" href=\"https:\/\/kpskincare.net\/en\/product\/combo-para-cumpleanos-mimos-de-cumpleanos\/\" title=\"Combo para Cumplea\u00f1os: Mimos de Cumplea\u00f1os\"><div class=\"product-thumb-overlay\" ><\/div><div class=\"primary-image\"><img decoding=\"async\" src=\"https:\/\/kpskincare.net\/wp-content\/uploads\/2026\/04\/WhatsApp-Image-2025-06-10-at-10.02.01-AM-1-e1777581447730.jpeg\" alt=\"Shop Primary Image\" \/><\/div><\/a><\/div><div class=\"product-details\"><div class=\"product-title\"><h5><a href=\"https:\/\/kpskincare.net\/en\/product\/combo-para-cumpleanos-mimos-de-cumpleanos\/\">Combo para Cumplea\u00f1os: Mimos de Cumplea\u00f1os<\/a><\/h5><\/div><div class=\"product-price\"><span class=\"price\"><span class=\"vi-sctv-price\"><\/span><\/span><\/div><\/div>\t\t\t\t<div class=\"ywgc-gift-this-product-shop-container\">\n\t\t\t\t\t<a href=\"https:\/\/kpskincare.net\/en\/product\/combo-para-cumpleanos-mimos-de-cumpleanos\/?yith-gift-this-product-form=yes\" style=\"text-align: center\" class=\"button yith_wc_gift_this_product_shop_page_class\" rel=\"nofollow\">Regala este producto<\/a>\n\t\t\t\t<\/div>\n\t\t\t\t<\/div><\/div><\/li>\n<li class=\"product-grid-view swiper-slide product type-product post-4295 status-publish last instock product_cat-cumpleanos has-post-thumbnail virtual taxable product-type-simple vi-sctv-product\">\n\t<div class=\"wdt-col wdt-col-xs-12 wdt-col-sm-6 wdt-col-md-6 wdt-col-qxlg-6 wdt-col-hxlg-6 wdt-col-lg-6\"><div class=\"product-wrapper\" style=\"background-color:#f1f0f0;\"><div class=\"product-thumb\"><a class=\"image\" href=\"https:\/\/kpskincare.net\/en\/product\/combo-para-cumpleanos-ritual-de-cumpleanos\/\" title=\"Combo para Cumplea\u00f1os: Ritual de Cumplea\u00f1os\"><div class=\"product-thumb-overlay\" ><\/div><div class=\"primary-image\"><img decoding=\"async\" src=\"https:\/\/kpskincare.net\/wp-content\/uploads\/2026\/04\/WhatsApp-Image-2025-06-10-at-10.02.01-AM-e1749846798129.jpeg\" alt=\"Shop Primary Image\" \/><\/div><\/a><\/div><div class=\"product-details\"><div class=\"product-title\"><h5><a href=\"https:\/\/kpskincare.net\/en\/product\/combo-para-cumpleanos-ritual-de-cumpleanos\/\">Combo para Cumplea\u00f1os: Ritual de Cumplea\u00f1os<\/a><\/h5><\/div><div class=\"product-price\"><span class=\"price\"><span class=\"vi-sctv-price\"><\/span><\/span><\/div><\/div>\t\t\t\t<div class=\"ywgc-gift-this-product-shop-container\">\n\t\t\t\t\t<a href=\"https:\/\/kpskincare.net\/en\/product\/combo-para-cumpleanos-ritual-de-cumpleanos\/?yith-gift-this-product-form=yes\" style=\"text-align: center\" class=\"button yith_wc_gift_this_product_shop_page_class\" rel=\"nofollow\">Regala este producto<\/a>\n\t\t\t\t<\/div>\n\t\t\t\t<\/div><\/div><\/li>\n<li class=\"product-grid-view swiper-slide product type-product post-4296 status-publish first instock product_cat-cumpleanos has-post-thumbnail virtual taxable product-type-simple vi-sctv-product\">\n\t<div class=\"wdt-col wdt-col-xs-12 wdt-col-sm-6 wdt-col-md-6 wdt-col-qxlg-6 wdt-col-hxlg-6 wdt-col-lg-6\"><div class=\"product-wrapper\" style=\"background-color:#f1f0f0;\"><div class=\"product-thumb\"><a class=\"image\" href=\"https:\/\/kpskincare.net\/en\/product\/combo-para-cumpleanos-para-1-persona\/\" title=\"Combo para Cumplea\u00f1os para 1 persona\"><div class=\"product-thumb-overlay\" ><\/div><div class=\"primary-image\"><img decoding=\"async\" src=\"https:\/\/kpskincare.net\/wp-content\/uploads\/2026\/04\/WhatsApp-Image-2025-06-10-at-10.02.01-AM-e1749846798129.jpeg\" alt=\"Shop Primary Image\" \/><\/div><\/a><\/div><div class=\"product-details\"><div class=\"product-title\"><h5><a href=\"https:\/\/kpskincare.net\/en\/product\/combo-para-cumpleanos-para-1-persona\/\">Combo para Cumplea\u00f1os para 1 persona<\/a><\/h5><\/div><div class=\"product-price\"><span class=\"price\"><span class=\"vi-sctv-price\"><\/span><\/span><\/div><\/div>\t\t\t\t<div class=\"ywgc-gift-this-product-shop-container\">\n\t\t\t\t\t<a href=\"https:\/\/kpskincare.net\/en\/product\/combo-para-cumpleanos-para-1-persona\/?yith-gift-this-product-form=yes\" style=\"text-align: center\" class=\"button yith_wc_gift_this_product_shop_page_class\" rel=\"nofollow\">Regala este producto<\/a>\n\t\t\t\t<\/div>\n\t\t\t\t<\/div><\/div><\/li>\n<li class=\"product-grid-view swiper-slide product type-product post-4297 status-publish last instock product_cat-cumpleanos has-post-thumbnail virtual taxable product-type-simple vi-sctv-product\">\n\t<div class=\"wdt-col wdt-col-xs-12 wdt-col-sm-6 wdt-col-md-6 wdt-col-qxlg-6 wdt-col-hxlg-6 wdt-col-lg-6\"><div class=\"product-wrapper\" style=\"background-color:#f1f0f0;\"><div class=\"product-thumb\"><a class=\"image\" href=\"https:\/\/kpskincare.net\/en\/product\/combo-para-cumpleanos-para-3-persona\/\" title=\"Combo para Cumplea\u00f1os para 3 persona\"><div class=\"product-thumb-overlay\" ><\/div><div class=\"primary-image\"><img decoding=\"async\" src=\"https:\/\/kpskincare.net\/wp-content\/uploads\/2026\/04\/WhatsApp-Image-2025-06-10-at-10.02.00-AM-e1777581343876.jpeg\" alt=\"Shop Primary Image\" \/><\/div><\/a><\/div><div class=\"product-details\"><div class=\"product-title\"><h5><a href=\"https:\/\/kpskincare.net\/en\/product\/combo-para-cumpleanos-para-3-persona\/\">Combo para Cumplea\u00f1os para 3 persona<\/a><\/h5><\/div><div class=\"product-price\"><span class=\"price\"><span class=\"vi-sctv-price\"><\/span><\/span><\/div><\/div>\t\t\t\t<div class=\"ywgc-gift-this-product-shop-container\">\n\t\t\t\t\t<a href=\"https:\/\/kpskincare.net\/en\/product\/combo-para-cumpleanos-para-3-persona\/?yith-gift-this-product-form=yes\" style=\"text-align: center\" class=\"button yith_wc_gift_this_product_shop_page_class\" rel=\"nofollow\">Regala este producto<\/a>\n\t\t\t\t<\/div>\n\t\t\t\t<\/div><\/div><\/li>\n<\/ul><div class=\"wdt-products-pagination-holder\"><\/div><\/div><\/div>\t\t\t\t<\/div>\n\t\t\t\t<\/div>\n\t\t\t\t\t<\/div>\n\t\t\t\t<\/div>\n\t\t\t\t<\/div>\n\t\t","protected":false},"excerpt":{"rendered":"<p>SERVICIO Cumplea\u00f1os Kpskincare Haz Click en la Imagen para Conocer el Servicio de Cumplea\u00f1os que desees Combo para Cumplea\u00f1os para 2 persona Combo para Cumplea\u00f1os para 4 persona Combo para Cumplea\u00f1os: Mimos de Cumplea\u00f1os Combo para Cumplea\u00f1os: Ritual de Cumplea\u00f1os Combo para Cumplea\u00f1os para 1 persona Combo para Cumplea\u00f1os para 3 persona<\/p>","protected":false},"author":1,"featured_media":0,"parent":0,"menu_order":0,"comment_status":"closed","ping_status":"closed","template":"","meta":{"footnotes":""},"class_list":["post-16655","page","type-page","status-publish","hentry"],"_hostinger_reach_plugin_has_subscription_block":false,"_hostinger_reach_plugin_is_elementor":false,"jetpack_sharing_enabled":true,"_links":{"self":[{"href":"https:\/\/kpskincare.net\/en\/wp-json\/wp\/v2\/pages\/16655","targetHints":{"allow":["GET"]}}],"collection":[{"href":"https:\/\/kpskincare.net\/en\/wp-json\/wp\/v2\/pages"}],"about":[{"href":"https:\/\/kpskincare.net\/en\/wp-json\/wp\/v2\/types\/page"}],"author":[{"embeddable":true,"href":"https:\/\/kpskincare.net\/en\/wp-json\/wp\/v2\/users\/1"}],"replies":[{"embeddable":true,"href":"https:\/\/kpskincare.net\/en\/wp-json\/wp\/v2\/comments?post=16655"}],"version-history":[{"count":31,"href":"https:\/\/kpskincare.net\/en\/wp-json\/wp\/v2\/pages\/16655\/revisions"}],"predecessor-version":[{"id":16698,"href":"https:\/\/kpskincare.net\/en\/wp-json\/wp\/v2\/pages\/16655\/revisions\/16698"}],"wp:attachment":[{"href":"https:\/\/kpskincare.net\/en\/wp-json\/wp\/v2\/media?parent=16655"}],"curies":[{"name":"wp","href":"https:\/\/api.w.org\/{rel}","templated":true}]}}