{"id":3,"date":"2024-09-13T01:20:01","date_gmt":"2024-09-13T01:20:01","guid":{"rendered":"http:\/\/kpskincare.net\/?page_id=3"},"modified":"2025-03-24T10:35:21","modified_gmt":"2025-03-24T14:35:21","slug":"privacy-policy","status":"publish","type":"page","link":"https:\/\/kpskincare.net\/en\/privacy-policy\/","title":{"rendered":"Privacy policy"},"content":{"rendered":"<div data-elementor-type=\"wp-page\" data-elementor-id=\"3\" class=\"elementor elementor-3\" data-elementor-post-type=\"page\">\n\t\t\t\t<div class=\"elementor-element elementor-element-292ef9c0 e-flex e-con-boxed e-con e-parent\" data-id=\"292ef9c0\" data-element_type=\"container\" data-e-type=\"container\">\n\t\t\t\t\t<div class=\"e-con-inner\">\n\t\t\t\t<div class=\"elementor-element elementor-element-52ba583f exad-sticky-section-no exad-glass-effect-no elementor-widget elementor-widget-text-editor\" data-id=\"52ba583f\" data-element_type=\"widget\" data-e-type=\"widget\" data-widget_type=\"text-editor.default\">\n\t\t\t\t<div class=\"elementor-widget-container\">\n\t\t\t\t\t\t\t\t\t\n<h2 class=\"wp-block-heading\"><span style=\"color: #d10f70;\">COMPANY IDENTIFICATION AND DATA<\/span><\/h2>\n\n<p>KP SKIN CARE<br \/>Direcci\u00f3n Local: 7085 Michigan Rd, Indian\u00e1polis IN 46268, Estados Unidos<br \/>Correo electr\u00f3nico: kpskincareoficial@gmail.com<br \/>Tel\u00e9fono de contacto: +1 3176400972<br \/>Sitio Web: https:\/\/kpskincare.net\/<\/p>\n\n<h2 class=\"wp-block-heading\"><span style=\"color: #d10f70;\">Datos Personales que se recaban<\/span><\/h2>\n\n<p>En el tratamiento de sus datos personales, el Titular aplicar\u00e1 los siguientes principios que se ajustan a las exigencias del nuevo reglamento europeo de protecci\u00f3n de datos (RGPD):<\/p>\n<p>Principio de integridad y confidencialidad: Los datos personales recabados ser\u00e1n tratados de tal manera que su seguridad, confidencialidad e integridad est\u00e1 garantizada.<br \/>El Titular toma las precauciones necesarias para evitar el acceso no autorizado o uso indebido de los datos de sus usuarios por parte de terceros.<br \/>Principio de licitud, lealtad y transparencia: El Titular siempre requerir\u00e1 el consentimiento para el tratamiento de los datos personales que puede ser para uno o varios fines espec\u00edficos sobre los que el Titular informar\u00e1 al Usuario previamente con absoluta transparencia.<br \/>Principio de minimizaci\u00f3n de datos: El Titular solicitar\u00e1 solo los datos estrictamente necesarios para el fin o los fines que los solicita.<br \/>Principio de limitaci\u00f3n del plazo de conservaci\u00f3n: El Titular mantendr\u00e1 los datos personales recabados durante el tiempo estrictamente necesario para el fin o los fines del tratamiento. El Titular informar\u00e1 al Usuario del plazo de conservaci\u00f3n correspondiente seg\u00fan la finalidad.<br \/>En el caso de suscripciones, el Titular revisar\u00e1 peri\u00f3dicamente las listas y eliminar\u00e1 aquellos registros inactivos durante un tiempo considerable.<br \/>\u00bfPara qu\u00e9 fines utilizaremos sus datos personales?<\/p>\n<p>Cuando usted se conecta al Sitio Web para mandar un correo al Titular, se suscribe a su bolet\u00edn o contrata un producto o un servicio est\u00e1 facilitando informaci\u00f3n de car\u00e1cter personal de la que el responsable es el Titular. Esta informaci\u00f3n puede incluir datos de car\u00e1cter personal como pueden ser su direcci\u00f3n IP, nombre y apellidos, direcci\u00f3n f\u00edsica, direcci\u00f3n de correo electr\u00f3nico, n\u00famero de tel\u00e9fono, y otra informaci\u00f3n. Al facilitar esta informaci\u00f3n, da su consentimiento para que su informaci\u00f3n sea recopilada, utilizada, gestionada y almacenada por \u2014 Hostinger \u2014<\/p>\n<p>Los datos personales y la finalidad del tratamiento por parte del Titular es diferente seg\u00fan el sistema de captura de informaci\u00f3n:<\/p>\n<p>Formularios de contrataci\u00f3n de productos o servicios: El Titular solicita datos personales entre los que pueden estar: nombre y apellidos, documento de identidad (n\u00famero de identificaci\u00f3n fiscal, n\u00famero de identificaci\u00f3n de extranjero, pasaporte o permiso de residencia), direcci\u00f3n de correo electr\u00f3nico, direcci\u00f3n postal, n\u00famero de tel\u00e9fono y datos de pago (m\u00e9todos de pago o datos bancarios) con la finalidad de mantener una relaci\u00f3n comercial con el Usuario, realizar el env\u00edo de los pedidos, prestar los servicios contratados y para realizar la facturaci\u00f3n y el cobro de los productos o servicios contratados.<\/p>\n<p>En la medida en que la Ley Federal de Protecci\u00f3n de Datos Personales en Posesi\u00f3n de los Particulares (en adelante la \u201cLey\u201d) lo permita, sus datos personales pueden ser utilizados para las siguientes finalidades:<\/p>\n<p>Desarrollo de nuevos productos y servicios<br \/>Procesamiento de pagos y cobranza<br \/>Env\u00edo de productos adquiridos en nuestras tiendas o sitio web.<br \/>Facturaci\u00f3n de sus compras<br \/>Creaci\u00f3n y administraci\u00f3n de su cuenta<br \/>Seguimiento a las ventas a fin de alcanzar la satisfacci\u00f3n del cliente<br \/>Env\u00edo de promociones o publicidad sobre productos o servicios<\/p>\n<p>Para garantizar el cumplimiento de las condiciones recogidas en la ley aplicable. Esto puede incluir el desarrollo de herramientas y algoritmos que ayuden al Sitio Web a garantizar la confidencialidad de los datos personales que recoge.<\/p>\n<p>Para apoyar y mejorar los servicios que ofrece este Sitio Web.<\/p>\n\n<h2 class=\"wp-block-heading\"><span style=\"color: #d10f70;\">Seguridad de los datos personales<\/span><\/h2>\n\n<p>Para proteger sus datos personales, el Titular toma todas las precauciones razonables y sigue las mejores pr\u00e1cticas de la industria para evitar su p\u00e9rdida, mal uso, acceso indebido, divulgaci\u00f3n, alteraci\u00f3n o destrucci\u00f3n de los mismos.<\/p>\n<p>El sitio Web est\u00e1 alojado en: Hostinger. La seguridad de los datos est\u00e1 garantizada, ya que toman todas las medidas de seguridad necesarias para ello. Puede consultar su pol\u00edtica de privacidad para tener m\u00e1s informaci\u00f3n.<\/p>\n<p>El Titular informa al Usuario de que sus datos personales no ser\u00e1n cedidos a terceras organizaciones, con la salvedad de que dicha cesi\u00f3n de datos est\u00e9 amparada en una obligaci\u00f3n legal o cuando la prestaci\u00f3n de un servicio implique la necesidad de una relaci\u00f3n contractual con un encargado de tratamiento. En este \u00faltimo caso, solo se llevar\u00e1 a cabo la cesi\u00f3n de datos al tercero cuando el Titular disponga del consentimiento expreso del Usuario.<\/p>\n<p>Sin embargo, en algunos casos se pueden realizar colaboraciones con otros profesionales, en esos casos, se requerir\u00e1 consentimiento al Usuario informando sobre la identidad del colaborador y la finalidad de la colaboraci\u00f3n. Siempre se realizar\u00e1 con los m\u00e1s estrictos est\u00e1ndares de seguridad.<\/p>\n\n<h2 class=\"wp-block-heading\"><span style=\"color: #d10f70;\">Pol\u00edtica de Cookies<\/span><\/h2>\n\n<p>Para que este sitio Web funcione correctamente necesita utilizar cookies, que es una informaci\u00f3n que se almacena en su navegador web.<\/p>\n<p>Legitimaci\u00f3n para el tratamiento de datos<\/p>\n\n<h2 class=\"wp-block-heading\"><span style=\"color: #d10f70;\">La base legal para el tratamiento de sus datos es:<\/span><\/h2>\n\n<p>Para cumplir las obligaciones legales.<br \/>El consentimiento del interesado.<br \/>Ejecuci\u00f3n del contrato o la aplicaci\u00f3n de medidas precontractuales con el interesado, con el fin de proporcionarle un producto o servicio adquirido al Titular.<br \/>Exactitud y veracidad de los datos personales<\/p>\n<p>Usted se compromete a que los datos facilitados al Titular sean correctos, completos, exactos y vigentes, as\u00ed como a mantenerlos debidamente actualizados.<\/p>\n<p>Como Usuario del Sitio Web es el \u00fanico responsable de la veracidad y correcci\u00f3n de los datos remitidos al Sitio Web exonerando al Titular de cualquier responsabilidad al respecto.<\/p>\n\n<h2 class=\"wp-block-heading\"><span style=\"color: #d10f70;\">Aceptaci\u00f3n y consentimiento<\/span><\/h2>\n\n<p>Como Usuario del Sitio Web declara haber sido informado de las condiciones sobre protecci\u00f3n de datos de car\u00e1cter personal, acepta y consiente el tratamiento de los mismos por parte del Titular en la forma y para las finalidades indicadas en esta Pol\u00edtica de Privacidad.<\/p>\n<p>Para contactar con el Titular, suscribirse a un bolet\u00edn o realizar comentarios en este sitio Web tiene que aceptar la presente Pol\u00edtica de Privacidad.<\/p>\n<p>Cambios en la Pol\u00edtica de Privacidad<\/p>\n<p>El Titular se reserva el derecho a modificar la presente Pol\u00edtica de Privacidad para adaptarla a novedades legislativas o jurisprudenciales, as\u00ed como a pr\u00e1cticas de la industria.<\/p>\n<p>Estas pol\u00edticas estar\u00e1n vigentes hasta que sean modificadas por otras debidamente publicadas.<\/p>\n<p><span style=\"color: #ff99cc;\"><\/span><\/p>\n<p>\u00a0<\/p>\t\t\t\t\t\t\t\t<\/div>\n\t\t\t\t<\/div>\n\t\t\t\t\t<\/div>\n\t\t\t\t<\/div>\n\t\t\t\t<\/div>","protected":false},"excerpt":{"rendered":"<p>IDENTIFICACI\u00d3N Y DATOS DE LA EMPRESA KP SKIN CAREDirecci\u00f3n Local: 7085 Michigan Rd, Indian\u00e1polis IN 46268, Estados UnidosCorreo electr\u00f3nico: kpskincareoficial@gmail.comTel\u00e9fono de contacto: +1 3176400972Sitio Web: https:\/\/kpskincare.net\/ Datos Personales que se recaban En el tratamiento de sus datos personales, el Titular aplicar\u00e1 los siguientes principios que se ajustan a las exigencias del nuevo reglamento europeo de&#8230;<\/p>","protected":false},"author":1,"featured_media":0,"parent":0,"menu_order":0,"comment_status":"closed","ping_status":"closed","template":"","meta":{"footnotes":""},"class_list":["post-3","page","type-page","status-publish","hentry"],"jetpack_sharing_enabled":true,"_links":{"self":[{"href":"https:\/\/kpskincare.net\/en\/wp-json\/wp\/v2\/pages\/3","targetHints":{"allow":["GET"]}}],"collection":[{"href":"https:\/\/kpskincare.net\/en\/wp-json\/wp\/v2\/pages"}],"about":[{"href":"https:\/\/kpskincare.net\/en\/wp-json\/wp\/v2\/types\/page"}],"author":[{"embeddable":true,"href":"https:\/\/kpskincare.net\/en\/wp-json\/wp\/v2\/users\/1"}],"replies":[{"embeddable":true,"href":"https:\/\/kpskincare.net\/en\/wp-json\/wp\/v2\/comments?post=3"}],"version-history":[{"count":23,"href":"https:\/\/kpskincare.net\/en\/wp-json\/wp\/v2\/pages\/3\/revisions"}],"predecessor-version":[{"id":9787,"href":"https:\/\/kpskincare.net\/en\/wp-json\/wp\/v2\/pages\/3\/revisions\/9787"}],"wp:attachment":[{"href":"https:\/\/kpskincare.net\/en\/wp-json\/wp\/v2\/media?parent=3"}],"curies":[{"name":"wp","href":"https:\/\/api.w.org\/{rel}","templated":true}]}}