{"id":5743,"date":"2023-03-16T11:15:08","date_gmt":"2023-03-16T10:15:08","guid":{"rendered":"https:\/\/wordpress.vecurosoft.com\/wellnez\/?page_id=97"},"modified":"2025-10-20T16:29:45","modified_gmt":"2025-10-20T20:29:45","slug":"contacto","status":"publish","type":"page","link":"https:\/\/kpskincare.net\/en\/contacto\/","title":{"rendered":"Contact"},"content":{"rendered":"\t\t<div data-elementor-type=\"wp-page\" data-elementor-id=\"5743\" class=\"elementor elementor-5743\" data-elementor-post-type=\"page\">\n\t\t\t\t<div class=\"elementor-element elementor-element-8cb5531 e-con-full elementor-hidden-tablet elementor-hidden-mobile e-flex e-con e-parent\" data-id=\"8cb5531\" data-element_type=\"container\" data-e-type=\"container\" data-settings=\"{&quot;background_background&quot;:&quot;classic&quot;}\">\n\t\t\t\t<div class=\"elementor-element elementor-element-a737487 elementor-widget-mobile__width-inherit elementor-hidden-tablet elementor-hidden-mobile exad-sticky-section-no exad-glass-effect-no elementor-widget elementor-widget-mixlaxbutton\" data-id=\"a737487\" data-element_type=\"widget\" data-e-type=\"widget\" data-widget_type=\"mixlaxbutton.default\">\n\t\t\t\t<div class=\"elementor-widget-container\">\n\t\t\t\t\t<!-- Button --><div class=\"btn-wrapper\"><a class=\"vs-btn style11\" href=\"https:\/\/kpskincare.net\/agendar-cita\/\" target=\"_blank\">Agenda tu Cita Aqu\u00ed<\/a><\/div><!-- End Button -->\t\t\t\t<\/div>\n\t\t\t\t<\/div>\n\t\t\t\t<\/div>\n\t\t\t\t<section data-exad-particle-enable=\"false\" class=\"elementor-section elementor-top-section elementor-element elementor-element-ab0c826 elementor-section-full_width elementor-section-height-default elementor-section-height-default exad-parallax-effect-no exad-background-color-change-no exad-glass-effect-no exad-sticky-section-no\" data-id=\"ab0c826\" data-element_type=\"section\" data-e-type=\"section\">\n\t\t\t\t\t\t<div class=\"elementor-container elementor-column-gap-no\">\n\t\t\t\t\t<div class=\"elementor-column elementor-col-100 elementor-top-column elementor-element elementor-element-c458734 exad-glass-effect-no exad-sticky-section-no\" data-id=\"c458734\" data-element_type=\"column\" data-e-type=\"column\">\n\t\t\t<div class=\"elementor-widget-wrap elementor-element-populated\">\n\t\t\t\t\t\t<section data-exad-particle-enable=\"false\" class=\"elementor-section elementor-inner-section elementor-element elementor-element-5a34c25 elementor-section-boxed elementor-section-height-default elementor-section-height-default exad-parallax-effect-no exad-background-color-change-no exad-glass-effect-no exad-sticky-section-no\" data-id=\"5a34c25\" data-element_type=\"section\" data-e-type=\"section\">\n\t\t\t\t\t\t<div class=\"elementor-container elementor-column-gap-no\">\n\t\t\t\t\t<div class=\"elementor-column elementor-col-50 elementor-inner-column elementor-element elementor-element-e4d236f exad-glass-effect-no exad-sticky-section-no\" data-id=\"e4d236f\" data-element_type=\"column\" data-e-type=\"column\">\n\t\t\t<div class=\"elementor-widget-wrap elementor-element-populated\">\n\t\t\t\t\t\t<div class=\"elementor-element elementor-element-bd619ba exad-sticky-section-no exad-glass-effect-no elementor-widget elementor-widget-wellnezsectiontitle\" data-id=\"bd619ba\" data-element_type=\"widget\" data-e-type=\"widget\" data-widget_type=\"wellnezsectiontitle.default\">\n\t\t\t\t<div class=\"elementor-widget-container\">\n\t\t\t\t\t<!-- Section Title --><div class=\"title-area\" ><h1 class=\"sec-title3 title-selector h1\">CONT\u00c1C<span class=\"text-theme\">TENOS<\/span><\/h1><p class=\"desc\">A nosotros nos encanta asesoralo, entonces por favor si tiene alguna pregunta comun\u00edquese con nosotros a trav\u00e9s de los diferentes medios de comunicaci\u00f3n  que tenemos disponibles (telef\u00f3nicamente, por whatsapp, correo electr\u00f3nico) para tener el gusto de atenderlo.<\/p><\/div><!-- End Section Title -->\t\t\t\t<\/div>\n\t\t\t\t<\/div>\n\t\t\t\t<div class=\"elementor-element elementor-element-0dfe0fb exad-sticky-section-no exad-glass-effect-no elementor-widget elementor-widget-wpforms\" data-id=\"0dfe0fb\" data-element_type=\"widget\" data-e-type=\"widget\" data-widget_type=\"wpforms.default\">\n\t\t\t\t<div class=\"elementor-widget-container\">\n\t\t\t\t\t<style id=\"wpforms-css-vars-elementor-widget-0dfe0fb\">\n\t\t\t\t.elementor-widget-wpforms.elementor-element-0dfe0fb {\n\t\t\t\t--wpforms-field-background-color: #FFFFFF;\n--wpforms-field-border-color: #FFB4D6;\n--wpforms-field-border-color-spare: #FFB4D6;\n--wpforms-label-color: #FF99C8;\n--wpforms-button-background-color: #FF99C8;\n--wpforms-label-sublabel-color: #CC9999;\n\n\t\t\t}\n\t\t\t<\/style><div class=\"wpforms-container wpforms-container-full wpforms-render-modern\" id=\"wpforms-8829\"><form id=\"wpforms-form-8829\" class=\"wpforms-validate wpforms-form wpforms-ajax-form\" data-formid=\"8829\" method=\"post\" enctype=\"multipart\/form-data\" action=\"\/en\/wp-json\/wp\/v2\/pages\/5743\" data-token=\"6798ebf6e71e75313c90f26625c6716c\" data-token-time=\"1775824944\"><noscript class=\"wpforms-error-noscript\">Please enable JavaScript in your browser to complete this form.<\/noscript><div id=\"wpforms-error-noscript\" style=\"display: none;\">Please enable JavaScript in your browser to complete this form.<\/div><div class=\"wpforms-field-container\"><div id=\"wpforms-8829-field_1-container\" class=\"wpforms-field wpforms-field-name\" data-field-id=\"1\"><fieldset><legend class=\"wpforms-field-label\">Nombre <span class=\"wpforms-required-label\" aria-hidden=\"true\">*<\/span><\/legend><div class=\"wpforms-field-row wpforms-field-large\"><div class=\"wpforms-field-row-block wpforms-first wpforms-one-half\"><input type=\"text\" id=\"wpforms-8829-field_1\" class=\"wpforms-field-name-first wpforms-field-required\" name=\"wpforms[fields][1][first]\" aria-errormessage=\"wpforms-8829-field_1-error\" required><label for=\"wpforms-8829-field_1\" class=\"wpforms-field-sublabel after\">First<\/label><\/div><div class=\"wpforms-field-row-block wpforms-one-half\"><input type=\"text\" id=\"wpforms-8829-field_1-last\" class=\"wpforms-field-name-last wpforms-field-required\" name=\"wpforms[fields][1][last]\" aria-errormessage=\"wpforms-8829-field_1-last-error\" required><label for=\"wpforms-8829-field_1-last\" class=\"wpforms-field-sublabel after\">Last<\/label><\/div><\/div><\/fieldset><\/div><div id=\"wpforms-8829-field_2-container\" class=\"wpforms-field wpforms-field-email\" data-field-id=\"2\"><label class=\"wpforms-field-label\" for=\"wpforms-8829-field_2\">Correo electr\u00f3nico <span class=\"wpforms-required-label\" aria-hidden=\"true\">*<\/span><\/label><input type=\"email\" id=\"wpforms-8829-field_2\" class=\"wpforms-field-medium wpforms-field-required\" name=\"wpforms[fields][2]\" spellcheck=\"false\" aria-errormessage=\"wpforms-8829-field_2-error\" required><\/div>\t\t<div id=\"wpforms-8829-field_4-container\"\n\t\t\tclass=\"wpforms-field wpforms-field-text\"\n\t\t\tdata-field-type=\"text\"\n\t\t\tdata-field-id=\"4\"\n\t\t\t>\n\t\t\t<label class=\"wpforms-field-label\" for=\"wpforms-8829-field_4\" >Nombre Mensaje Correo<\/label>\n\t\t\t<input type=\"text\" id=\"wpforms-8829-field_4\" class=\"wpforms-field-medium\" name=\"wpforms[fields][4]\" >\n\t\t<\/div>\n\t\t<div id=\"wpforms-8829-field_3-container\" class=\"wpforms-field wpforms-field-textarea\" data-field-id=\"3\"><label class=\"wpforms-field-label\" for=\"wpforms-8829-field_3\">Mensaje<\/label><textarea id=\"wpforms-8829-field_3\" class=\"wpforms-field-medium\" name=\"wpforms[fields][3]\" aria-errormessage=\"wpforms-8829-field_3-error\" ><\/textarea><\/div><script>\n\t\t\t\t( function() {\n\t\t\t\t\tconst style = document.createElement( 'style' );\n\t\t\t\t\tstyle.appendChild( document.createTextNode( '#wpforms-8829-field_4-container { position: absolute !important; overflow: hidden !important; display: inline !important; height: 1px !important; width: 1px !important; z-index: -1000 !important; padding: 0 !important; } #wpforms-8829-field_4-container input { visibility: hidden; } #wpforms-conversational-form-page #wpforms-8829-field_4-container label { counter-increment: none; }' ) );\n\t\t\t\t\tdocument.head.appendChild( style );\n\t\t\t\t\tdocument.currentScript?.remove();\n\t\t\t\t} )();\n\t\t\t<\/script><\/div><!-- .wpforms-field-container --><div class=\"wpforms-recaptcha-container wpforms-is-recaptcha wpforms-is-recaptcha-type-v2\" ><div class=\"g-recaptcha\" data-sitekey=\"6LcYZmwrAAAAABEtRSk1iDQbEIGd_VR-fSunEt1t\"><\/div><input type=\"text\" name=\"g-recaptcha-hidden\" class=\"wpforms-recaptcha-hidden\" style=\"position:absolute!important;clip:rect(0,0,0,0)!important;height:1px!important;width:1px!important;border:0!important;overflow:hidden!important;padding:0!important;margin:0!important;\" data-rule-recaptcha=\"1\"><\/div><div class=\"wpforms-submit-container\" ><input type=\"hidden\" name=\"wpforms[id]\" value=\"8829\"><input type=\"hidden\" name=\"page_title\" value=\"\"><input type=\"hidden\" name=\"page_url\" value=\"https:\/\/kpskincare.net\/en\/wp-json\/wp\/v2\/pages\/5743\"><input type=\"hidden\" name=\"url_referer\" value=\"\"><button type=\"submit\" name=\"wpforms[submit]\" id=\"wpforms-submit-8829\" class=\"wpforms-submit\" data-alt-text=\"Enviando...\" data-submit-text=\"Enviar\" aria-live=\"assertive\" value=\"wpforms-submit\">Enviar<\/button><img decoding=\"async\" src=\"https:\/\/kpskincare.net\/wp-content\/plugins\/wpforms\/assets\/images\/submit-spin.svg\" class=\"wpforms-submit-spinner\" style=\"display: none;\" width=\"26\" height=\"26\" alt=\"Loading\"><\/div><\/form><\/div>  <!-- .wpforms-container -->\t\t\t\t<\/div>\n\t\t\t\t<\/div>\n\t\t\t\t\t<\/div>\n\t\t<\/div>\n\t\t\t\t<div class=\"elementor-column elementor-col-50 elementor-inner-column elementor-element elementor-element-ce22312 exad-glass-effect-no exad-sticky-section-no\" data-id=\"ce22312\" data-element_type=\"column\" data-e-type=\"column\">\n\t\t\t<div class=\"elementor-widget-wrap elementor-element-populated\">\n\t\t\t\t\t\t<div class=\"elementor-element elementor-element-0762cd9 exad-sticky-section-no exad-glass-effect-no elementor-widget elementor-widget-google_maps\" data-id=\"0762cd9\" data-element_type=\"widget\" data-e-type=\"widget\" data-widget_type=\"google_maps.default\">\n\t\t\t\t<div class=\"elementor-widget-container\">\n\t\t\t\t\t\t\t<div class=\"elementor-custom-embed\">\n\t\t\t<iframe loading=\"lazy\"\n\t\t\t\t\tsrc=\"https:\/\/maps.google.com\/maps?q=7780%20Michigan%20rd%20Indian%C3%A1polis%20in%2046268%20suite%20E&#038;t=m&#038;z=17&#038;output=embed&#038;iwloc=near\"\n\t\t\t\t\ttitle=\"7780 Michigan rd Indian\u00e1polis in 46268 suite E\"\n\t\t\t\t\taria-label=\"7780 Michigan rd Indian\u00e1polis in 46268 suite E\"\n\t\t\t><\/iframe>\n\t\t<\/div>\n\t\t\t\t\t\t<\/div>\n\t\t\t\t<\/div>\n\t\t\t\t<div class=\"elementor-element elementor-element-2a36671 exad-sticky-section-no exad-glass-effect-no elementor-widget elementor-widget-wellnezinfotitle\" data-id=\"2a36671\" data-element_type=\"widget\" data-e-type=\"widget\" data-widget_type=\"wellnezinfotitle.default\">\n\t\t\t\t<div class=\"elementor-widget-container\">\n\t\t\t\t\t        <div class=\"contact-table\">\n                            <div class=\"tr\">\n                    <div class=\"tb-col\">\n                                                    <p><span class=\"th\"> Direcci\u00f3n :<\/span><\/p>                        \n                                                    <h6 class=\"_ap3a _aaco _aacu _aacy _aad6 _aade\" dir=\"auto\">7780 Michigan rd Indian\u00e1polis in 46268 suite E\u00a0<\/h6>                                            <\/div>\n                <\/div>\n                        \n                    <\/div>\n        \t\t\t\t<\/div>\n\t\t\t\t<\/div>\n\t\t\t\t<div class=\"elementor-element elementor-element-10b70f8 exad-sticky-section-no exad-glass-effect-no elementor-widget elementor-widget-wellnezinfotitle\" data-id=\"10b70f8\" data-element_type=\"widget\" data-e-type=\"widget\" data-widget_type=\"wellnezinfotitle.default\">\n\t\t\t\t<div class=\"elementor-widget-container\">\n\t\t\t\t\t        <div class=\"contact-table\">\n                        \n                            <div class=\"tr\">\n                                            <div class=\"tb-col\">\n                            <p><span class=\"th\">Email : <\/span><a href=\"mailto:kpskincareoficial@gmail.com\">kpskincareoficial @gmail.com<\/a><\/p>                        <\/div>\n                                        <div class=\"tb-col\">\n                                            <\/div>\n                <\/div>\n                    <\/div>\n        \t\t\t\t<\/div>\n\t\t\t\t<\/div>\n\t\t\t\t<div class=\"elementor-element elementor-element-d079bdd exad-sticky-section-no exad-glass-effect-no elementor-widget elementor-widget-text-editor\" data-id=\"d079bdd\" data-element_type=\"widget\" data-e-type=\"widget\" data-widget_type=\"text-editor.default\">\n\t\t\t\t<div class=\"elementor-widget-container\">\n\t\t\t\t\t\t\t\t\t<p><span class=\"h1\"><a class=\"text-inherit\" href=\"https:\/\/wa.link\/k6vv4z\"><i class=\"fal fa-headset me-3 text-theme\"><\/i>+1 3176400972<\/a><br \/><\/span><\/p><p>\u00a0<\/p>\t\t\t\t\t\t\t\t<\/div>\n\t\t\t\t<\/div>\n\t\t\t\t\t<\/div>\n\t\t<\/div>\n\t\t\t\t\t<\/div>\n\t\t<\/section>\n\t\t\t\t\t<\/div>\n\t\t<\/div>\n\t\t\t\t\t<\/div>\n\t\t<\/section>\n\t\t\t\t<\/div>\n\t\t","protected":false},"excerpt":{"rendered":"<p>Agenda tu Cita Aqu\u00ed CONT\u00c1CTENOS A nosotros nos encanta asesoralo, entonces por favor si tiene alguna pregunta comun\u00edquese con nosotros a trav\u00e9s de los diferentes medios de comunicaci\u00f3n que tenemos disponibles (telef\u00f3nicamente, por whatsapp, correo electr\u00f3nico) para tener el gusto de atenderlo. Por favor, activa JavaScript en tu navegador para completar este formulario.Por favor, activa&#8230;<\/p>","protected":false},"author":1,"featured_media":0,"parent":0,"menu_order":0,"comment_status":"closed","ping_status":"closed","template":"template-builder.php","meta":{"footnotes":""},"class_list":["post-5743","page","type-page","status-publish","hentry"],"jetpack_sharing_enabled":true,"_links":{"self":[{"href":"https:\/\/kpskincare.net\/en\/wp-json\/wp\/v2\/pages\/5743","targetHints":{"allow":["GET"]}}],"collection":[{"href":"https:\/\/kpskincare.net\/en\/wp-json\/wp\/v2\/pages"}],"about":[{"href":"https:\/\/kpskincare.net\/en\/wp-json\/wp\/v2\/types\/page"}],"author":[{"embeddable":true,"href":"https:\/\/kpskincare.net\/en\/wp-json\/wp\/v2\/users\/1"}],"replies":[{"embeddable":true,"href":"https:\/\/kpskincare.net\/en\/wp-json\/wp\/v2\/comments?post=5743"}],"version-history":[{"count":52,"href":"https:\/\/kpskincare.net\/en\/wp-json\/wp\/v2\/pages\/5743\/revisions"}],"predecessor-version":[{"id":13615,"href":"https:\/\/kpskincare.net\/en\/wp-json\/wp\/v2\/pages\/5743\/revisions\/13615"}],"wp:attachment":[{"href":"https:\/\/kpskincare.net\/en\/wp-json\/wp\/v2\/media?parent=5743"}],"curies":[{"name":"wp","href":"https:\/\/api.w.org\/{rel}","templated":true}]}}