{"id":7211,"date":"2024-10-08T02:39:47","date_gmt":"2024-10-08T02:39:47","guid":{"rendered":"https:\/\/kpskincare.net\/terminos-y-condiciones\/"},"modified":"2025-03-24T10:36:11","modified_gmt":"2025-03-24T14:36:11","slug":"terminos-y-condiciones","status":"publish","type":"page","link":"https:\/\/kpskincare.net\/en\/terminos-y-condiciones\/","title":{"rendered":"Terms and conditions"},"content":{"rendered":"<div data-elementor-type=\"wp-page\" data-elementor-id=\"7211\" class=\"elementor elementor-7211\" data-elementor-post-type=\"page\">\n\t\t\t\t<div class=\"elementor-element elementor-element-453f8456 e-flex e-con-boxed e-con e-parent\" data-id=\"453f8456\" data-element_type=\"container\" data-e-type=\"container\">\n\t\t\t\t\t<div class=\"e-con-inner\">\n\t\t\t\t<div class=\"elementor-element elementor-element-2a64abc exad-sticky-section-no exad-glass-effect-no elementor-widget elementor-widget-text-editor\" data-id=\"2a64abc\" data-element_type=\"widget\" data-e-type=\"widget\" data-widget_type=\"text-editor.default\">\n\t\t\t\t<div class=\"elementor-widget-container\">\n\t\t\t\t\t\t\t\t\t<h2 class=\"wp-block-heading\"><span style=\"color: #d10f70;\">T\u00e9rminos y Condiciones<\/span><\/h2><ol><li><span style=\"color: #ff99c8;\">Los Certificados de regalo que se compran a trav\u00e9s de la p\u00e1gina web, corresponden a Certificados virtuales y ser\u00e1n enviados a trav\u00e9s de correo electr\u00f3nico a la persona que usted desea obsequiar este bono.<\/span><\/li><li><span style=\"color: #ff99c8;\">Si usted desea solicitar el env\u00edo de un Certificado f\u00edsico deber\u00e1 hacer la solicitud a trav\u00e9s del correo electr\u00f3nico <span style=\"color: #e872a9;\"><a style=\"color: #e872a9;\" href=\"mailto:kpskincareoficial@gmail.com\">kpskincareoficial@gmail.com<\/a><\/span> o a traves de la Pagina web, este servicio tendr\u00e1 un costo adicional de $5 y la entrega se tardar\u00e1 3 d\u00edas h\u00e1biles para la Ciudad y sus alrededores.<\/span><\/li><li><span style=\"color: #ff99c8;\">Los Certificados de Regalo tienen una vigencia m\u00e1xima de 1 a\u00f1o, en caso de ser comprado en promoci\u00f3n tendr\u00e1 una validez de 6 meses<\/span><\/li><li><span style=\"color: #ff99c8;\">Es de car\u00e1cter OBLIGATORIO imprimir y presentar el Certificado de Regalo el d\u00eda de su visita, de lo contrario no ser\u00e1 posible prestarle el servicio<\/span><\/li><li><span style=\"color: #ff99c8;\">KPSKINCARE no se hace responsable por perdida, robo o hurto una vez el Certificado haya sido entregado.<\/span><\/li><li><span style=\"color: #ff99c8;\">El Certificado es totalmente redimible, no es negociable por dinero en efectivo<\/span><\/li><li><span style=\"color: #ff99c8;\">Al realizar compras a trav\u00e9s de la p\u00e1gina web por otra opci\u00f3n diferente a la del certificado de regalo, el cliente recibir\u00e1 un correo del proceso de la compra.<\/span><\/li><li><span style=\"color: #ff99c8;\">No se permite el ingreso de menores de 12 a\u00f1os al spa<\/span><\/li><li><span style=\"color: #ff99c8;\">Es obligatorio ingresar al spa 20 minutos antes de la hora de su reserva, de no cumplir con este requisito, el personal de KPSKINCARE est\u00e1 en la obligaci\u00f3n de informarle que debe limitar el tiempo de su servicio o reprogramarlo.<\/span><\/li><\/ol><h2 class=\"wp-block-heading\"><span style=\"color: #d10f70;\">Politicas de Membres\u00edas<\/span><\/h2><div><span style=\"color: #ff99cc;\">1.<\/span> <span style=\"color: #ff99cc;\">Duraci\u00f3n del Contrato<\/span><\/div><div>\u00a0<\/div><div><span style=\"color: #ff99cc;\">\u2022Las membres\u00edas tendr\u00e1n una duraci\u00f3n m\u00ednima de 6 o 12 meses.<\/span><\/div><div><span style=\"color: #ff99cc;\">\u2022Los clientes deben comprometerse por al menos el per\u00edodo m\u00ednimo para recibir los beneficios de la membres\u00eda.<\/span><\/div><div>\u00a0<\/div><div><span style=\"color: #ff99cc;\">2. Pol\u00edtica de Pagos<\/span><\/div><div>\u00a0<\/div><div><span style=\"color: #ff99cc;\">\u2022El pago ser\u00e1 mensual o anual, dependiendo del plan seleccionado.<\/span><\/div><div><span style=\"color: #ff99cc;\">\u2022El pago mensual se cargar\u00e1 autom\u00e1ticamente a la tarjeta de cr\u00e9dito\/d\u00e9bito registrada en la fecha acordada.<\/span><\/div><div><span style=\"color: #ff99cc;\">\u2022Los pagos anuales deben realizarse por adelantado y no son reembolsables.<\/span><\/div><div>\u00a0<\/div><div><span style=\"color: #ff99cc;\">3. Cancelaci\u00f3n y Reembolsos<\/span><\/div><div>\u00a0<\/div><div><span style=\"color: #ff99cc;\">\u2022Los clientes pueden cancelar la membres\u00eda en cualquier momento, pero deben notificar con al menos 30 d\u00edas de antelaci\u00f3n.<\/span><\/div><div><span style=\"color: #ff99cc;\">\u2022Si la membres\u00eda se cancela antes de completar el plazo m\u00ednimo, se aplicar\u00e1 una tarifa de cancelaci\u00f3n.<\/span><\/div><div><span style=\"color: #ff99cc;\">\u2022No se otorgar\u00e1n reembolsos por servicios no utilizados o cancelaciones tard\u00edas.<\/span><\/div><div>\u00a0<\/div><div><span style=\"color: #ff99cc;\">4. Pol\u00edtica de No Show y Reprogramaci\u00f3n<\/span><\/div><div>\u00a0<\/div><div><span style=\"color: #ff99cc;\">\u2022Las citas deben cancelarse o reprogramarse con al menos 24 horas de antelaci\u00f3n.<\/span><\/div><div><span style=\"color: #ff99cc;\">\u2022Si el cliente no se presenta a una cita o cancela fuera del plazo permitido, se considerar\u00e1 como servicio utilizado.<\/span><\/div><div><span style=\"color: #ff99cc;\">\u2022Las citas no utilizadas en el mes no son acumulables para meses futuros.<\/span><\/div><div>\u00a0<\/div><div><span style=\"color: #ff99cc;\">5. Acumulaci\u00f3n de Servicios<\/span><\/div><div>\u00a0<\/div><div><span style=\"color: #ff99cc;\">\u2022Las sesiones incluidas en la membres\u00eda no son transferibles a otro mes.<\/span><\/div><div><span style=\"color: #ff99cc;\">\u2022Los servicios deben ser utilizados en el mes en que se otorgan o se perder\u00e1n.<\/span><\/div><div>\u00a0<\/div><div><span style=\"color: #ff99cc;\">6. Transferencia de Membres\u00eda<\/span><\/div><div>\u00a0<\/div><div><span style=\"color: #ff99cc;\">\u2022Las membres\u00edas son personales e intransferibles.<\/span><\/div><div><span style=\"color: #ff99cc;\">\u2022No se permiten transferencias de servicios a familiares o amigos.<\/span><\/div><div>\u00a0<\/div><div><span style=\"color: #ff99cc;\">7. Uso de Descuentos<\/span><\/div><div>\u00a0<\/div><div><span style=\"color: #ff99cc;\">\u2022Los descuentos y beneficios adicionales solo pueden aplicarse durante la vigencia de la membres\u00eda.<\/span><\/div><div><span style=\"color: #ff99cc;\">\u2022Los descuentos no son acumulables con otras promociones o ofertas especiales.<\/span><\/div><div>\u00a0<\/div><div><span style=\"color: #ff99cc;\">8. Suspensi\u00f3n Temporal de Membres\u00eda<\/span><\/div><div>\u00a0<\/div><div><span style=\"color: #ff99cc;\">\u2022Los clientes pueden suspender temporalmente la membres\u00eda por razones m\u00e9dicas o viajes prolongados, previa notificaci\u00f3n.<\/span><\/div><div><span style=\"color: #ff99cc;\">\u2022El per\u00edodo de suspensi\u00f3n ser\u00e1 de un m\u00e1ximo de 3 meses, y durante ese tiempo no se aplicar\u00e1n cargos ni beneficios.<\/span><\/div><div>\u00a0<\/div><div><span style=\"color: #ff99cc;\">9. Modificaciones en la Membres\u00eda<\/span><\/div><div>\u00a0<\/div><div><span style=\"color: #ff99cc;\">\u2022La cl\u00ednica se reserva el derecho de modificar los t\u00e9rminos de la membres\u00eda, con previo aviso de al menos 30 d\u00edas.<\/span><\/div><div><span style=\"color: #ff99cc;\">\u2022Los clientes ser\u00e1n notificados por escrito o por correo electr\u00f3nico sobre cualquier cambio en los beneficios, precios o t\u00e9rminos.<\/span><\/div><div>\u00a0<\/div><div><span style=\"color: #ff99cc;\">10. Responsabilidad M\u00e9dica<\/span><\/div><div>\u00a0<\/div><div><span style=\"color: #ff99cc;\">\u2022Es responsabilidad del cliente informar a la cl\u00ednica sobre cualquier condici\u00f3n m\u00e9dica o alergia que pueda afectar los tratamientos.<\/span><\/div><div><span style=\"color: #ff99cc;\">\u2022Los clientes deben firmar un consentimiento informado antes de recibir tratamientos invasivos o avanzados.<\/span><\/div><div>\u00a0<\/div><div><span style=\"color: #ff99cc;\">11. Pol\u00edtica de Devoluciones para Productos<\/span><\/div><div>\u00a0<\/div><div><span style=\"color: #ff99cc;\">\u2022Los productos comprados con descuento como parte de la membres\u00eda no son reembolsables una vez abiertos.<\/span><\/div><div><span style=\"color: #ff99cc;\">\u2022Si el producto est\u00e1 da\u00f1ado o defectuoso, puede cambiarse dentro de los 7 d\u00edas siguientes a la compra.<\/span><\/div><div>\u00a0<\/div><div><span style=\"color: #ff99cc;\">12. T\u00e9rminos de Expiraci\u00f3n de Regalos o Bonos<\/span><\/div><div>\u00a0<\/div><div><span style=\"color: #ff99cc;\">\u2022Los bonos o servicios adicionales obtenidos como parte de promociones dentro de la membres\u00eda tienen una validez de 6 meses a partir de la fecha de emisi\u00f3n.<\/span><\/div><div>\u00a0<\/div><div><span style=\"color: #ff99cc;\">13. Renovaci\u00f3n Autom\u00e1tica<\/span><\/div><div>\u00a0<\/div><div><span style=\"color: #ff99cc;\">\u2022A menos que se notifique lo contrario, la membres\u00eda se renovar\u00e1 autom\u00e1ticamente al final del plazo, con las mismas condiciones y tarifas vigentes.<\/span><\/div><div>\u00a0<\/div><div><span style=\"color: #ff99cc;\">14. Uso de Im\u00e1genes o Testimonios<\/span><\/div><div>\u00a0<\/div><div><span style=\"color: #ff99cc;\">\u2022Con previo consentimiento del cliente, la cl\u00ednica podr\u00e1 utilizar im\u00e1genes del antes y despu\u00e9s de los tratamientos faciales para fines publicitarios.<\/span><\/div><div>\u00a0<\/div>\t\t\t\t\t\t\t\t<\/div>\n\t\t\t\t<\/div>\n\t\t\t\t\t<\/div>\n\t\t\t\t<\/div>\n\t\t\t\t<\/div>","protected":false},"excerpt":{"rendered":"<p>T\u00e9rminos y Condiciones Los Certificados de regalo que se compran a trav\u00e9s de la p\u00e1gina web, corresponden a Certificados virtuales y ser\u00e1n enviados a trav\u00e9s de correo electr\u00f3nico a la persona que usted desea obsequiar este bono. Si usted desea solicitar el env\u00edo de un Certificado f\u00edsico deber\u00e1 hacer la solicitud a trav\u00e9s del correo&#8230;<\/p>","protected":false},"author":3,"featured_media":0,"parent":0,"menu_order":0,"comment_status":"closed","ping_status":"closed","template":"","meta":{"footnotes":""},"class_list":["post-7211","page","type-page","status-publish","hentry"],"jetpack_sharing_enabled":true,"_links":{"self":[{"href":"https:\/\/kpskincare.net\/en\/wp-json\/wp\/v2\/pages\/7211","targetHints":{"allow":["GET"]}}],"collection":[{"href":"https:\/\/kpskincare.net\/en\/wp-json\/wp\/v2\/pages"}],"about":[{"href":"https:\/\/kpskincare.net\/en\/wp-json\/wp\/v2\/types\/page"}],"author":[{"embeddable":true,"href":"https:\/\/kpskincare.net\/en\/wp-json\/wp\/v2\/users\/3"}],"replies":[{"embeddable":true,"href":"https:\/\/kpskincare.net\/en\/wp-json\/wp\/v2\/comments?post=7211"}],"version-history":[{"count":7,"href":"https:\/\/kpskincare.net\/en\/wp-json\/wp\/v2\/pages\/7211\/revisions"}],"predecessor-version":[{"id":9790,"href":"https:\/\/kpskincare.net\/en\/wp-json\/wp\/v2\/pages\/7211\/revisions\/9790"}],"wp:attachment":[{"href":"https:\/\/kpskincare.net\/en\/wp-json\/wp\/v2\/media?parent=7211"}],"curies":[{"name":"wp","href":"https:\/\/api.w.org\/{rel}","templated":true}]}}