{"id":8950,"date":"2024-11-05T22:45:15","date_gmt":"2024-11-05T22:45:15","guid":{"rendered":"https:\/\/kpskincare.net\/?post_type=product&#038;p=8950"},"modified":"2025-03-09T21:09:14","modified_gmt":"2025-03-10T01:09:14","slug":"ampollas-liposomadas-para-rejuvenecer-la-piel","status":"publish","type":"product","link":"https:\/\/kpskincare.net\/en\/shop\/membresia-piel-radiante\/ampollas-liposomadas-para-rejuvenecer-la-piel\/","title":{"rendered":"Ampollas Liposomadas Para Rejuvenecer La Piel"},"content":{"rendered":"<h3><strong>Benefits:<\/strong><\/h3>\n<p>\ud83d\udd06 Trata el da\u00f1o solar, las manchas solares, las pecas y el tono desigual de la piel<br \/>\n\ud83c\udf3c Ilumina y previene una mayor pigmentaci\u00f3n para una tez luminosa<br \/>\n\ud83d\udd70\ufe0f Los resultados var\u00edan seg\u00fan el estilo de vida, la edad y el tipo de piel, \u00a1pero espera una luminosidad duradera con el uso regular!<\/p>","protected":false},"excerpt":{"rendered":"<div class=\"card mb-3 mr-3 bg-white border rounded\">\n<div class=\"card-footer py-1 bookly-appearance-form-footer svelte-1utzif7\">\n<div class=\"d-flex row align-items-center\">\n<div class=\"d-inline-block text-truncate svelte-1utzif7\">\n<div class=\"card mb-3 mr-3 bg-white border rounded\">\n<div class=\"card-footer py-1 bookly-appearance-form-footer svelte-1utzif7\">\n<div class=\"d-flex row align-items-center\">\n<div class=\"d-inline-block text-truncate svelte-1utzif7\">\n<p>Esta potente f\u00f3rmula est\u00e1 especialmente dise\u00f1ada para combatir la hiperpigmentaci\u00f3n, las manchas de la edad y el da\u00f1o solar, dejando tu cutis brillante, de tono uniforme e irresistiblemente suave.\u00a0 Repleto de ingredientes dise\u00f1ados para iluminar tu piel desde adentro. \u2728<\/p>\n<\/div>\n<\/div>\n<\/div>\n<\/div>\n<\/div>\n<\/div>\n<\/div>\n<\/div>","protected":false},"featured_media":8944,"comment_status":"open","ping_status":"closed","template":"","meta":[],"product_brand":[],"product_cat":[175],"product_tag":[],"giftcard-category":[],"class_list":{"0":"post-8950","1":"product","2":"type-product","3":"status-publish","4":"has-post-thumbnail","6":"product_cat-membresia-piel-radiante","8":"first","9":"instock","10":"sold-individually","11":"taxable","12":"shipping-taxable","13":"purchasable","14":"product-type-simple"},"jetpack_sharing_enabled":true,"_links":{"self":[{"href":"https:\/\/kpskincare.net\/en\/wp-json\/wp\/v2\/product\/8950","targetHints":{"allow":["GET"]}}],"collection":[{"href":"https:\/\/kpskincare.net\/en\/wp-json\/wp\/v2\/product"}],"about":[{"href":"https:\/\/kpskincare.net\/en\/wp-json\/wp\/v2\/types\/product"}],"replies":[{"embeddable":true,"href":"https:\/\/kpskincare.net\/en\/wp-json\/wp\/v2\/comments?post=8950"}],"wp:featuredmedia":[{"embeddable":true,"href":"https:\/\/kpskincare.net\/en\/wp-json\/wp\/v2\/media\/8944"}],"wp:attachment":[{"href":"https:\/\/kpskincare.net\/en\/wp-json\/wp\/v2\/media?parent=8950"}],"wp:term":[{"taxonomy":"product_brand","embeddable":true,"href":"https:\/\/kpskincare.net\/en\/wp-json\/wp\/v2\/product_brand?post=8950"},{"taxonomy":"product_cat","embeddable":true,"href":"https:\/\/kpskincare.net\/en\/wp-json\/wp\/v2\/product_cat?post=8950"},{"taxonomy":"product_tag","embeddable":true,"href":"https:\/\/kpskincare.net\/en\/wp-json\/wp\/v2\/product_tag?post=8950"},{"taxonomy":"giftcard-category","embeddable":true,"href":"https:\/\/kpskincare.net\/en\/wp-json\/wp\/v2\/giftcard-category?post=8950"}],"curies":[{"name":"wp","href":"https:\/\/api.w.org\/{rel}","templated":true}]}}